{"id":2377,"date":"2017-10-21T18:25:38","date_gmt":"2017-10-21T15:25:38","guid":{"rendered":"https:\/\/ramkool.edu.ee\/roostiku\/?page_id=2377"},"modified":"2017-10-21T20:40:57","modified_gmt":"2017-10-21T17:40:57","slug":"2377-2","status":"publish","type":"page","link":"https:\/\/ramkool.edu.ee\/roostiku\/pildialbum\/2017-18\/2377-2\/","title":{"rendered":"Lahtiste uste p\u00e4evad"},"content":{"rendered":"<p>Terve esimene periood saatis meid teema \u201cMina ise\u201d. Vaatasime enda sisse, anal\u00fc\u00fcsisime oma iseloomu, k\u00e4itumist, suhtlemist. Valmisid kunstiteosed ja etteasted. Perioodi eelviimasel p\u00e4eval kutsusime vanemad kooli sellest k\u00f5igest osa saama. Ait\u00e4h, head emad-isad, et meie tegemistega tutvuma tulite!<\/p>\n","protected":false},"excerpt":{"rendered":"<p>Terve esimene periood saatis meid teema \u201cMina<\/p>\n","protected":false},"author":17,"featured_media":2411,"parent":1521,"menu_order":840,"comment_status":"closed","ping_status":"closed","template":"gallery-template.php","meta":{"_acf_changed":false,"footnotes":""},"class_list":["post-2377","page","type-page","status-publish","has-post-thumbnail","hentry"],"acf":[],"_links":{"self":[{"href":"https:\/\/ramkool.edu.ee\/roostiku\/wp-json\/wp\/v2\/pages\/2377","targetHints":{"allow":["GET"]}}],"collection":[{"href":"https:\/\/ramkool.edu.ee\/roostiku\/wp-json\/wp\/v2\/pages"}],"about":[{"href":"https:\/\/ramkool.edu.ee\/roostiku\/wp-json\/wp\/v2\/types\/page"}],"author":[{"embeddable":true,"href":"https:\/\/ramkool.edu.ee\/roostiku\/wp-json\/wp\/v2\/users\/17"}],"replies":[{"embeddable":true,"href":"https:\/\/ramkool.edu.ee\/roostiku\/wp-json\/wp\/v2\/comments?post=2377"}],"version-history":[{"count":4,"href":"https:\/\/ramkool.edu.ee\/roostiku\/wp-json\/wp\/v2\/pages\/2377\/revisions"}],"predecessor-version":[{"id":2459,"href":"https:\/\/ramkool.edu.ee\/roostiku\/wp-json\/wp\/v2\/pages\/2377\/revisions\/2459"}],"up":[{"embeddable":true,"href":"https:\/\/ramkool.edu.ee\/roostiku\/wp-json\/wp\/v2\/pages\/1521"}],"wp:featuredmedia":[{"embeddable":true,"href":"https:\/\/ramkool.edu.ee\/roostiku\/wp-json\/wp\/v2\/media\/2411"}],"wp:attachment":[{"href":"https:\/\/ramkool.edu.ee\/roostiku\/wp-json\/wp\/v2\/media?parent=2377"}],"curies":[{"name":"wp","href":"https:\/\/api.w.org\/{rel}","templated":true}]}}