{"id":24813,"date":"2024-10-25T19:55:58","date_gmt":"2024-10-25T16:55:58","guid":{"rendered":"https:\/\/ramkool.edu.ee\/roostiku\/?page_id=24813"},"modified":"2024-10-25T19:55:58","modified_gmt":"2024-10-25T16:55:58","slug":"kulas-vilistlased","status":"publish","type":"page","link":"https:\/\/ramkool.edu.ee\/roostiku\/pildialbum\/kooliaasta-2024-2025\/kulas-vilistlased\/","title":{"rendered":"K\u00fclas vilistlased"},"content":{"rendered":"\n<p>Eelmise aasta Roostiku kooli l\u00f5petajad astusid l\u00e4bi ja tegutsesid veidi aega oma v\u00e4ikeste s\u00f5pradega. J\u00f5udsid ka inglise keele tundi ja puhusime muidu juttu. Ka jalkaplatsil sai m\u00fctatud.<\/p>\n\n\n\n<p>Peale l\u00f5unat oli 9. talve tegelaste aeg, kes tutvustasid meile eelmise aasta loovt\u00f6id. Oli p\u00f5nev ja vahva p\u00e4ev!<\/p>\n\n\n\n<p><\/p>\n","protected":false},"excerpt":{"rendered":"<p>Eelmise aasta Roostiku kooli l\u00f5petajad astusid l\u00e4bi<\/p>\n","protected":false},"author":17,"featured_media":0,"parent":24322,"menu_order":885,"comment_status":"closed","ping_status":"closed","template":"gallery-template.php","meta":{"_acf_changed":false,"footnotes":""},"class_list":["post-24813","page","type-page","status-publish","hentry"],"acf":[],"_links":{"self":[{"href":"https:\/\/ramkool.edu.ee\/roostiku\/wp-json\/wp\/v2\/pages\/24813","targetHints":{"allow":["GET"]}}],"collection":[{"href":"https:\/\/ramkool.edu.ee\/roostiku\/wp-json\/wp\/v2\/pages"}],"about":[{"href":"https:\/\/ramkool.edu.ee\/roostiku\/wp-json\/wp\/v2\/types\/page"}],"author":[{"embeddable":true,"href":"https:\/\/ramkool.edu.ee\/roostiku\/wp-json\/wp\/v2\/users\/17"}],"replies":[{"embeddable":true,"href":"https:\/\/ramkool.edu.ee\/roostiku\/wp-json\/wp\/v2\/comments?post=24813"}],"version-history":[{"count":1,"href":"https:\/\/ramkool.edu.ee\/roostiku\/wp-json\/wp\/v2\/pages\/24813\/revisions"}],"predecessor-version":[{"id":24827,"href":"https:\/\/ramkool.edu.ee\/roostiku\/wp-json\/wp\/v2\/pages\/24813\/revisions\/24827"}],"up":[{"embeddable":true,"href":"https:\/\/ramkool.edu.ee\/roostiku\/wp-json\/wp\/v2\/pages\/24322"}],"wp:attachment":[{"href":"https:\/\/ramkool.edu.ee\/roostiku\/wp-json\/wp\/v2\/media?parent=24813"}],"curies":[{"name":"wp","href":"https:\/\/api.w.org\/{rel}","templated":true}]}}