{"id":25062,"date":"2024-12-25T19:02:47","date_gmt":"2024-12-25T17:02:47","guid":{"rendered":"https:\/\/ramkool.edu.ee\/roostiku\/?page_id=25062"},"modified":"2025-06-30T10:54:19","modified_gmt":"2025-06-30T07:54:19","slug":"novembrikuu-stiilipaev","status":"publish","type":"page","link":"https:\/\/ramkool.edu.ee\/roostiku\/pildialbum\/kooliaasta-2024-2025\/novembrikuu-stiilipaev\/","title":{"rendered":"Novembrikuu stiilip\u00e4ev"},"content":{"rendered":"\n<p>Kadrip\u00e4eval k\u00fclastas Roostiku pesa vahva seltskond. K\u00fclla tuli nii marte kui kadrisid, sisse astusid ka tegelased eelmise sajandi viimastest k\u00fcmnenditest.<\/p>\n","protected":false},"excerpt":{"rendered":"<p>Kadrip\u00e4eval k\u00fclastas Roostiku pesa vahva seltskond. K\u00fclla<\/p>\n","protected":false},"author":17,"featured_media":24941,"parent":24322,"menu_order":860,"comment_status":"closed","ping_status":"closed","template":"gallery-template.php","meta":{"_acf_changed":false,"footnotes":""},"class_list":["post-25062","page","type-page","status-publish","has-post-thumbnail","hentry"],"acf":[],"_links":{"self":[{"href":"https:\/\/ramkool.edu.ee\/roostiku\/wp-json\/wp\/v2\/pages\/25062","targetHints":{"allow":["GET"]}}],"collection":[{"href":"https:\/\/ramkool.edu.ee\/roostiku\/wp-json\/wp\/v2\/pages"}],"about":[{"href":"https:\/\/ramkool.edu.ee\/roostiku\/wp-json\/wp\/v2\/types\/page"}],"author":[{"embeddable":true,"href":"https:\/\/ramkool.edu.ee\/roostiku\/wp-json\/wp\/v2\/users\/17"}],"replies":[{"embeddable":true,"href":"https:\/\/ramkool.edu.ee\/roostiku\/wp-json\/wp\/v2\/comments?post=25062"}],"version-history":[{"count":1,"href":"https:\/\/ramkool.edu.ee\/roostiku\/wp-json\/wp\/v2\/pages\/25062\/revisions"}],"predecessor-version":[{"id":25063,"href":"https:\/\/ramkool.edu.ee\/roostiku\/wp-json\/wp\/v2\/pages\/25062\/revisions\/25063"}],"up":[{"embeddable":true,"href":"https:\/\/ramkool.edu.ee\/roostiku\/wp-json\/wp\/v2\/pages\/24322"}],"wp:featuredmedia":[{"embeddable":true,"href":"https:\/\/ramkool.edu.ee\/roostiku\/wp-json\/wp\/v2\/media\/24941"}],"wp:attachment":[{"href":"https:\/\/ramkool.edu.ee\/roostiku\/wp-json\/wp\/v2\/media?parent=25062"}],"curies":[{"name":"wp","href":"https:\/\/api.w.org\/{rel}","templated":true}]}}