{"id":25065,"date":"2024-12-25T20:28:14","date_gmt":"2024-12-25T18:28:14","guid":{"rendered":"https:\/\/ramkool.edu.ee\/roostiku\/?page_id=25065"},"modified":"2025-06-30T10:55:19","modified_gmt":"2025-06-30T07:55:19","slug":"joululaat","status":"publish","type":"page","link":"https:\/\/ramkool.edu.ee\/roostiku\/pildialbum\/kooliaasta-2024-2025\/joululaat\/","title":{"rendered":"J\u00f5ululaat"},"content":{"rendered":"\n<p>Detsembrikuus toimus Roostiku pesas heategevuslik j\u00f5ululaat, mille tulu kingime uuel aastal lastehaiglale. Lauad kattusid imev\u00e4el maitsvate roogadega ja p\u00f5nevate meisterdustega. Ait\u00e4h, head Roostiku pered!<\/p>\n\n\n\n<p><\/p>\n","protected":false},"excerpt":{"rendered":"<p>Detsembrikuus toimus Roostiku pesas heategevuslik j\u00f5ululaat, mille<\/p>\n","protected":false},"author":17,"featured_media":25114,"parent":24322,"menu_order":840,"comment_status":"closed","ping_status":"closed","template":"gallery-template.php","meta":{"_acf_changed":false,"footnotes":""},"class_list":["post-25065","page","type-page","status-publish","has-post-thumbnail","hentry"],"acf":[],"_links":{"self":[{"href":"https:\/\/ramkool.edu.ee\/roostiku\/wp-json\/wp\/v2\/pages\/25065","targetHints":{"allow":["GET"]}}],"collection":[{"href":"https:\/\/ramkool.edu.ee\/roostiku\/wp-json\/wp\/v2\/pages"}],"about":[{"href":"https:\/\/ramkool.edu.ee\/roostiku\/wp-json\/wp\/v2\/types\/page"}],"author":[{"embeddable":true,"href":"https:\/\/ramkool.edu.ee\/roostiku\/wp-json\/wp\/v2\/users\/17"}],"replies":[{"embeddable":true,"href":"https:\/\/ramkool.edu.ee\/roostiku\/wp-json\/wp\/v2\/comments?post=25065"}],"version-history":[{"count":1,"href":"https:\/\/ramkool.edu.ee\/roostiku\/wp-json\/wp\/v2\/pages\/25065\/revisions"}],"predecessor-version":[{"id":25124,"href":"https:\/\/ramkool.edu.ee\/roostiku\/wp-json\/wp\/v2\/pages\/25065\/revisions\/25124"}],"up":[{"embeddable":true,"href":"https:\/\/ramkool.edu.ee\/roostiku\/wp-json\/wp\/v2\/pages\/24322"}],"wp:featuredmedia":[{"embeddable":true,"href":"https:\/\/ramkool.edu.ee\/roostiku\/wp-json\/wp\/v2\/media\/25114"}],"wp:attachment":[{"href":"https:\/\/ramkool.edu.ee\/roostiku\/wp-json\/wp\/v2\/media?parent=25065"}],"curies":[{"name":"wp","href":"https:\/\/api.w.org\/{rel}","templated":true}]}}