{"id":2539,"date":"2017-10-22T22:33:05","date_gmt":"2017-10-22T19:33:05","guid":{"rendered":"https:\/\/ramkool.edu.ee\/roostiku\/?page_id=2539"},"modified":"2017-10-22T22:33:53","modified_gmt":"2017-10-22T19:33:53","slug":"ettevalmistus-projektiks","status":"publish","type":"page","link":"https:\/\/ramkool.edu.ee\/roostiku\/pildialbum\/2017-18\/ettevalmistus-projektiks\/","title":{"rendered":"Ettevalmistus projektiks"},"content":{"rendered":"<p>\u00dchel esimese perioodi neljap\u00e4eval vallutasid meie pere v\u00e4iksemad tegelased esimese ja suuremad teise korruse, et n\u00e4ha end l\u00e4bi kunsti.<\/p>\n","protected":false},"excerpt":{"rendered":"<p>\u00dchel esimese perioodi neljap\u00e4eval vallutasid meie pere<\/p>\n","protected":false},"author":17,"featured_media":2562,"parent":1521,"menu_order":830,"comment_status":"closed","ping_status":"closed","template":"gallery-template.php","meta":{"_acf_changed":false,"footnotes":""},"class_list":["post-2539","page","type-page","status-publish","has-post-thumbnail","hentry"],"acf":[],"_links":{"self":[{"href":"https:\/\/ramkool.edu.ee\/roostiku\/wp-json\/wp\/v2\/pages\/2539","targetHints":{"allow":["GET"]}}],"collection":[{"href":"https:\/\/ramkool.edu.ee\/roostiku\/wp-json\/wp\/v2\/pages"}],"about":[{"href":"https:\/\/ramkool.edu.ee\/roostiku\/wp-json\/wp\/v2\/types\/page"}],"author":[{"embeddable":true,"href":"https:\/\/ramkool.edu.ee\/roostiku\/wp-json\/wp\/v2\/users\/17"}],"replies":[{"embeddable":true,"href":"https:\/\/ramkool.edu.ee\/roostiku\/wp-json\/wp\/v2\/comments?post=2539"}],"version-history":[{"count":1,"href":"https:\/\/ramkool.edu.ee\/roostiku\/wp-json\/wp\/v2\/pages\/2539\/revisions"}],"predecessor-version":[{"id":2567,"href":"https:\/\/ramkool.edu.ee\/roostiku\/wp-json\/wp\/v2\/pages\/2539\/revisions\/2567"}],"up":[{"embeddable":true,"href":"https:\/\/ramkool.edu.ee\/roostiku\/wp-json\/wp\/v2\/pages\/1521"}],"wp:featuredmedia":[{"embeddable":true,"href":"https:\/\/ramkool.edu.ee\/roostiku\/wp-json\/wp\/v2\/media\/2562"}],"wp:attachment":[{"href":"https:\/\/ramkool.edu.ee\/roostiku\/wp-json\/wp\/v2\/media?parent=2539"}],"curies":[{"name":"wp","href":"https:\/\/api.w.org\/{rel}","templated":true}]}}