{"id":2629,"date":"2017-11-21T21:55:58","date_gmt":"2017-11-21T19:55:58","guid":{"rendered":"https:\/\/ramkool.edu.ee\/roostiku\/?page_id=2629"},"modified":"2017-11-21T22:03:06","modified_gmt":"2017-11-21T20:03:06","slug":"hommik-isadega","status":"publish","type":"page","link":"https:\/\/ramkool.edu.ee\/roostiku\/pildialbum\/2017-18\/hommik-isadega\/","title":{"rendered":"Hommik isadega"},"content":{"rendered":"<p>Esmasp\u00e4eva hommikul\u00a0peale isadep\u00e4eva tegutsesime Roostiku koolimajas koos isadega. Kokkasime, meisterdasime, tegime sket\u0161e, p\u00f5genesime toast, sportisime, jahtisime aaret ja ajasime niisama juttu. Oli r\u00f5\u00f5mus olemine, ait\u00e4h, head isad, et meiega kampa l\u00f5ite!<\/p>\n","protected":false},"excerpt":{"rendered":"<p>Esmasp\u00e4eva hommikul\u00a0peale isadep\u00e4eva tegutsesime Roostiku koolimajas koos<\/p>\n","protected":false},"author":17,"featured_media":2647,"parent":1521,"menu_order":820,"comment_status":"closed","ping_status":"closed","template":"gallery-template.php","meta":{"_acf_changed":false,"footnotes":""},"class_list":["post-2629","page","type-page","status-publish","has-post-thumbnail","hentry"],"acf":[],"_links":{"self":[{"href":"https:\/\/ramkool.edu.ee\/roostiku\/wp-json\/wp\/v2\/pages\/2629","targetHints":{"allow":["GET"]}}],"collection":[{"href":"https:\/\/ramkool.edu.ee\/roostiku\/wp-json\/wp\/v2\/pages"}],"about":[{"href":"https:\/\/ramkool.edu.ee\/roostiku\/wp-json\/wp\/v2\/types\/page"}],"author":[{"embeddable":true,"href":"https:\/\/ramkool.edu.ee\/roostiku\/wp-json\/wp\/v2\/users\/17"}],"replies":[{"embeddable":true,"href":"https:\/\/ramkool.edu.ee\/roostiku\/wp-json\/wp\/v2\/comments?post=2629"}],"version-history":[{"count":4,"href":"https:\/\/ramkool.edu.ee\/roostiku\/wp-json\/wp\/v2\/pages\/2629\/revisions"}],"predecessor-version":[{"id":2710,"href":"https:\/\/ramkool.edu.ee\/roostiku\/wp-json\/wp\/v2\/pages\/2629\/revisions\/2710"}],"up":[{"embeddable":true,"href":"https:\/\/ramkool.edu.ee\/roostiku\/wp-json\/wp\/v2\/pages\/1521"}],"wp:featuredmedia":[{"embeddable":true,"href":"https:\/\/ramkool.edu.ee\/roostiku\/wp-json\/wp\/v2\/media\/2647"}],"wp:attachment":[{"href":"https:\/\/ramkool.edu.ee\/roostiku\/wp-json\/wp\/v2\/media?parent=2629"}],"curies":[{"name":"wp","href":"https:\/\/api.w.org\/{rel}","templated":true}]}}