{"id":26884,"date":"2025-10-24T09:11:08","date_gmt":"2025-10-24T06:11:08","guid":{"rendered":"https:\/\/ramkool.edu.ee\/roostiku\/?page_id=26884"},"modified":"2025-10-25T15:29:48","modified_gmt":"2025-10-25T12:29:48","slug":"meisterdamistegevused-suures-koolis","status":"publish","type":"page","link":"https:\/\/ramkool.edu.ee\/roostiku\/pildialbum\/kooliaasta-2025-2026\/meisterdamistegevused-suures-koolis\/","title":{"rendered":"Meisterdamistegevused suures koolis"},"content":{"rendered":"\n<p>Kooliaastat alustasime suure kooli meisterdamiskodades: voolisime savist k\u00fc\u00fcnlaalused, meisterdasime puut\u00f6\u00f6s tuuleveskid, \u00f5mblesime pinalid, k\u00fcpsetasime kaerak\u00fcpsised. Ise tehtud esemetel on hea v\u00e4gi ja soojus sees &#8211; see on kindel!<\/p>\n\n\n\n<p>Ait\u00e4h k\u00f5ikidele juhendajatele suures koolis ja Roostiku pesas!<\/p>\n","protected":false},"excerpt":{"rendered":"<p>Kooliaastat alustasime suure kooli meisterdamiskodades: voolisime savist<\/p>\n","protected":false},"author":17,"featured_media":27145,"parent":26574,"menu_order":890,"comment_status":"closed","ping_status":"closed","template":"gallery-template.php","meta":{"_acf_changed":false,"footnotes":""},"class_list":["post-26884","page","type-page","status-publish","has-post-thumbnail","hentry"],"acf":[],"_links":{"self":[{"href":"https:\/\/ramkool.edu.ee\/roostiku\/wp-json\/wp\/v2\/pages\/26884","targetHints":{"allow":["GET"]}}],"collection":[{"href":"https:\/\/ramkool.edu.ee\/roostiku\/wp-json\/wp\/v2\/pages"}],"about":[{"href":"https:\/\/ramkool.edu.ee\/roostiku\/wp-json\/wp\/v2\/types\/page"}],"author":[{"embeddable":true,"href":"https:\/\/ramkool.edu.ee\/roostiku\/wp-json\/wp\/v2\/users\/17"}],"replies":[{"embeddable":true,"href":"https:\/\/ramkool.edu.ee\/roostiku\/wp-json\/wp\/v2\/comments?post=26884"}],"version-history":[{"count":3,"href":"https:\/\/ramkool.edu.ee\/roostiku\/wp-json\/wp\/v2\/pages\/26884\/revisions"}],"predecessor-version":[{"id":27164,"href":"https:\/\/ramkool.edu.ee\/roostiku\/wp-json\/wp\/v2\/pages\/26884\/revisions\/27164"}],"up":[{"embeddable":true,"href":"https:\/\/ramkool.edu.ee\/roostiku\/wp-json\/wp\/v2\/pages\/26574"}],"wp:featuredmedia":[{"embeddable":true,"href":"https:\/\/ramkool.edu.ee\/roostiku\/wp-json\/wp\/v2\/media\/27145"}],"wp:attachment":[{"href":"https:\/\/ramkool.edu.ee\/roostiku\/wp-json\/wp\/v2\/media?parent=26884"}],"curies":[{"name":"wp","href":"https:\/\/api.w.org\/{rel}","templated":true}]}}