{"id":27165,"date":"2025-10-24T22:01:04","date_gmt":"2025-10-24T19:01:04","guid":{"rendered":"https:\/\/ramkool.edu.ee\/roostiku\/?page_id=27165"},"modified":"2025-10-25T15:30:10","modified_gmt":"2025-10-25T12:30:10","slug":"loodusklass","status":"publish","type":"page","link":"https:\/\/ramkool.edu.ee\/roostiku\/pildialbum\/kooliaasta-2025-2026\/loodusklass\/","title":{"rendered":"Loodusklass"},"content":{"rendered":"\n<p>S\u00fcgiseses loodusklassid matkasime T\u00fcrisalu &#8211; Keila-Joa matkarajal. Trotsisime meretuult, uurisime matkates puid ja j\u00f5evoolu, tunnetasime p\u00e4randkultuuri, imetlesime kosem\u00f6llu. M\u00f5nus matk oli!<\/p>\n\n\n\n<p><\/p>\n","protected":false},"excerpt":{"rendered":"<p>S\u00fcgiseses loodusklassid matkasime T\u00fcrisalu &#8211; Keila-Joa matkarajal.<\/p>\n","protected":false},"author":17,"featured_media":27313,"parent":26574,"menu_order":880,"comment_status":"closed","ping_status":"closed","template":"gallery-template.php","meta":{"_acf_changed":false,"footnotes":""},"class_list":["post-27165","page","type-page","status-publish","has-post-thumbnail","hentry"],"acf":[],"_links":{"self":[{"href":"https:\/\/ramkool.edu.ee\/roostiku\/wp-json\/wp\/v2\/pages\/27165","targetHints":{"allow":["GET"]}}],"collection":[{"href":"https:\/\/ramkool.edu.ee\/roostiku\/wp-json\/wp\/v2\/pages"}],"about":[{"href":"https:\/\/ramkool.edu.ee\/roostiku\/wp-json\/wp\/v2\/types\/page"}],"author":[{"embeddable":true,"href":"https:\/\/ramkool.edu.ee\/roostiku\/wp-json\/wp\/v2\/users\/17"}],"replies":[{"embeddable":true,"href":"https:\/\/ramkool.edu.ee\/roostiku\/wp-json\/wp\/v2\/comments?post=27165"}],"version-history":[{"count":1,"href":"https:\/\/ramkool.edu.ee\/roostiku\/wp-json\/wp\/v2\/pages\/27165\/revisions"}],"predecessor-version":[{"id":27325,"href":"https:\/\/ramkool.edu.ee\/roostiku\/wp-json\/wp\/v2\/pages\/27165\/revisions\/27325"}],"up":[{"embeddable":true,"href":"https:\/\/ramkool.edu.ee\/roostiku\/wp-json\/wp\/v2\/pages\/26574"}],"wp:featuredmedia":[{"embeddable":true,"href":"https:\/\/ramkool.edu.ee\/roostiku\/wp-json\/wp\/v2\/media\/27313"}],"wp:attachment":[{"href":"https:\/\/ramkool.edu.ee\/roostiku\/wp-json\/wp\/v2\/media?parent=27165"}],"curies":[{"name":"wp","href":"https:\/\/api.w.org\/{rel}","templated":true}]}}