{"id":27358,"date":"2025-10-25T13:22:46","date_gmt":"2025-10-25T10:22:46","guid":{"rendered":"https:\/\/ramkool.edu.ee\/roostiku\/?page_id=27358"},"modified":"2025-10-25T15:32:02","modified_gmt":"2025-10-25T12:32:02","slug":"ohtu-koolis","status":"publish","type":"page","link":"https:\/\/ramkool.edu.ee\/roostiku\/pildialbum\/kooliaasta-2025-2026\/ohtu-koolis\/","title":{"rendered":"\u00d5HTU KOOLIS"},"content":{"rendered":"\n<p>Esimese \u00d5HTU KOOLIS tegevused viisid meid erinevatesse riikidesse: Mehhiko, Hispaania, Ameerika \u00dchendriigid. Kost\u00fcmeerusime riikide stiilis, v\u00f5tsime kaasa vastava riigi suupisteid, saime teadmisi riikidest, vaatasime filme, mis seotud selle riigiga.<\/p>\n\n\n\n<p>Oli meeleolukas \u00f5htu. Ait\u00e4h korraldajatele!<\/p>\n","protected":false},"excerpt":{"rendered":"<p>Esimese \u00d5HTU KOOLIS tegevused viisid meid erinevatesse<\/p>\n","protected":false},"author":17,"featured_media":27385,"parent":26574,"menu_order":855,"comment_status":"closed","ping_status":"closed","template":"gallery-template.php","meta":{"_acf_changed":false,"footnotes":""},"class_list":["post-27358","page","type-page","status-publish","has-post-thumbnail","hentry"],"acf":[],"_links":{"self":[{"href":"https:\/\/ramkool.edu.ee\/roostiku\/wp-json\/wp\/v2\/pages\/27358","targetHints":{"allow":["GET"]}}],"collection":[{"href":"https:\/\/ramkool.edu.ee\/roostiku\/wp-json\/wp\/v2\/pages"}],"about":[{"href":"https:\/\/ramkool.edu.ee\/roostiku\/wp-json\/wp\/v2\/types\/page"}],"author":[{"embeddable":true,"href":"https:\/\/ramkool.edu.ee\/roostiku\/wp-json\/wp\/v2\/users\/17"}],"replies":[{"embeddable":true,"href":"https:\/\/ramkool.edu.ee\/roostiku\/wp-json\/wp\/v2\/comments?post=27358"}],"version-history":[{"count":1,"href":"https:\/\/ramkool.edu.ee\/roostiku\/wp-json\/wp\/v2\/pages\/27358\/revisions"}],"predecessor-version":[{"id":27401,"href":"https:\/\/ramkool.edu.ee\/roostiku\/wp-json\/wp\/v2\/pages\/27358\/revisions\/27401"}],"up":[{"embeddable":true,"href":"https:\/\/ramkool.edu.ee\/roostiku\/wp-json\/wp\/v2\/pages\/26574"}],"wp:featuredmedia":[{"embeddable":true,"href":"https:\/\/ramkool.edu.ee\/roostiku\/wp-json\/wp\/v2\/media\/27385"}],"wp:attachment":[{"href":"https:\/\/ramkool.edu.ee\/roostiku\/wp-json\/wp\/v2\/media?parent=27358"}],"curies":[{"name":"wp","href":"https:\/\/api.w.org\/{rel}","templated":true}]}}