{"id":27402,"date":"2025-10-25T15:23:21","date_gmt":"2025-10-25T12:23:21","guid":{"rendered":"https:\/\/ramkool.edu.ee\/roostiku\/?page_id=27402"},"modified":"2025-10-25T15:44:17","modified_gmt":"2025-10-25T12:44:17","slug":"sugiskross","status":"publish","type":"page","link":"https:\/\/ramkool.edu.ee\/roostiku\/pildialbum\/kooliaasta-2025-2026\/sugiskross\/","title":{"rendered":"S\u00fcgiskross"},"content":{"rendered":"\n<p>Perioodi l\u00f5pus toimus tradistisooniline s\u00fcgiskross \u00d5ism\u00e4e rabas. Peale \u00fchist soojenduringi l\u00e4ks lahti. Jooksurajal oli nii pingutust kui ka s\u00fcgisilma nautimist. Ja selle aasta v\u00f5itjad on:<\/p>\n\n\n\n<p>Harriet ja Rait, Nicole ja Rafael, Elise ja Kert, Kendra ja Robin Richard, Arabella ja Carlos, Nora ja Teodor.<\/p>\n\n\n\n<p>Palju \u00f5nne v\u00f5itjatele ja ait\u00e4h osalejatele, \u00f5petajatele ja peakorraldaja Priidule!<\/p>\n\n\n\n<p><\/p>\n","protected":false},"excerpt":{"rendered":"<p>Perioodi l\u00f5pus toimus tradistisooniline s\u00fcgiskross \u00d5ism\u00e4e rabas.<\/p>\n","protected":false},"author":17,"featured_media":27458,"parent":26574,"menu_order":850,"comment_status":"closed","ping_status":"closed","template":"gallery-template.php","meta":{"_acf_changed":false,"footnotes":""},"class_list":["post-27402","page","type-page","status-publish","has-post-thumbnail","hentry"],"acf":[],"_links":{"self":[{"href":"https:\/\/ramkool.edu.ee\/roostiku\/wp-json\/wp\/v2\/pages\/27402","targetHints":{"allow":["GET"]}}],"collection":[{"href":"https:\/\/ramkool.edu.ee\/roostiku\/wp-json\/wp\/v2\/pages"}],"about":[{"href":"https:\/\/ramkool.edu.ee\/roostiku\/wp-json\/wp\/v2\/types\/page"}],"author":[{"embeddable":true,"href":"https:\/\/ramkool.edu.ee\/roostiku\/wp-json\/wp\/v2\/users\/17"}],"replies":[{"embeddable":true,"href":"https:\/\/ramkool.edu.ee\/roostiku\/wp-json\/wp\/v2\/comments?post=27402"}],"version-history":[{"count":2,"href":"https:\/\/ramkool.edu.ee\/roostiku\/wp-json\/wp\/v2\/pages\/27402\/revisions"}],"predecessor-version":[{"id":27501,"href":"https:\/\/ramkool.edu.ee\/roostiku\/wp-json\/wp\/v2\/pages\/27402\/revisions\/27501"}],"up":[{"embeddable":true,"href":"https:\/\/ramkool.edu.ee\/roostiku\/wp-json\/wp\/v2\/pages\/26574"}],"wp:featuredmedia":[{"embeddable":true,"href":"https:\/\/ramkool.edu.ee\/roostiku\/wp-json\/wp\/v2\/media\/27458"}],"wp:attachment":[{"href":"https:\/\/ramkool.edu.ee\/roostiku\/wp-json\/wp\/v2\/media?parent=27402"}],"curies":[{"name":"wp","href":"https:\/\/api.w.org\/{rel}","templated":true}]}}