{"id":2754,"date":"2017-12-02T22:45:34","date_gmt":"2017-12-02T20:45:34","guid":{"rendered":"https:\/\/ramkool.edu.ee\/roostiku\/?page_id=2754"},"modified":"2017-12-03T19:36:26","modified_gmt":"2017-12-03T17:36:26","slug":"omalooming","status":"publish","type":"page","link":"https:\/\/ramkool.edu.ee\/roostiku\/omalooming\/","title":{"rendered":"Omalooming"},"content":{"rendered":"<p>Loominguline tegutsemine on meie p\u00e4evade \u00fcks osa. M\u00f5ned meie tegemised s\u00e4time sellele lehek\u00fcljele tutvumiseks. Head lugemist ja vaatamist!<\/p>\n","protected":false},"excerpt":{"rendered":"<p>Loominguline tegutsemine on meie p\u00e4evade \u00fcks osa.<\/p>\n","protected":false},"author":17,"featured_media":2737,"parent":0,"menu_order":0,"comment_status":"closed","ping_status":"closed","template":"","meta":{"_acf_changed":false,"footnotes":""},"class_list":["post-2754","page","type-page","status-publish","has-post-thumbnail","hentry"],"acf":[],"_links":{"self":[{"href":"https:\/\/ramkool.edu.ee\/roostiku\/wp-json\/wp\/v2\/pages\/2754","targetHints":{"allow":["GET"]}}],"collection":[{"href":"https:\/\/ramkool.edu.ee\/roostiku\/wp-json\/wp\/v2\/pages"}],"about":[{"href":"https:\/\/ramkool.edu.ee\/roostiku\/wp-json\/wp\/v2\/types\/page"}],"author":[{"embeddable":true,"href":"https:\/\/ramkool.edu.ee\/roostiku\/wp-json\/wp\/v2\/users\/17"}],"replies":[{"embeddable":true,"href":"https:\/\/ramkool.edu.ee\/roostiku\/wp-json\/wp\/v2\/comments?post=2754"}],"version-history":[{"count":2,"href":"https:\/\/ramkool.edu.ee\/roostiku\/wp-json\/wp\/v2\/pages\/2754\/revisions"}],"predecessor-version":[{"id":2827,"href":"https:\/\/ramkool.edu.ee\/roostiku\/wp-json\/wp\/v2\/pages\/2754\/revisions\/2827"}],"wp:featuredmedia":[{"embeddable":true,"href":"https:\/\/ramkool.edu.ee\/roostiku\/wp-json\/wp\/v2\/media\/2737"}],"wp:attachment":[{"href":"https:\/\/ramkool.edu.ee\/roostiku\/wp-json\/wp\/v2\/media?parent=2754"}],"curies":[{"name":"wp","href":"https:\/\/api.w.org\/{rel}","templated":true}]}}