{"id":2763,"date":"2017-12-02T23:01:13","date_gmt":"2017-12-02T21:01:13","guid":{"rendered":"https:\/\/ramkool.edu.ee\/roostiku\/?page_id=2763"},"modified":"2017-12-02T23:17:57","modified_gmt":"2017-12-02T21:17:57","slug":"tahtpaevad","status":"publish","type":"page","link":"https:\/\/ramkool.edu.ee\/roostiku\/omalooming\/tahtpaevad\/","title":{"rendered":"Uued t\u00e4htp\u00e4evad"},"content":{"rendered":"<p>Novembri alguses m\u00f5tisklesime hingedep\u00e4eva ja halloweeni \u00fcle, kumba v\u00f5tta, kumba j\u00e4tta. P\u00fc\u00fcdsime m\u00f5lemast t\u00e4htp\u00e4evast haarata hea ja s\u00e4ttisime kokku uued traditsioonid.<\/p>\n","protected":false},"excerpt":{"rendered":"<p>Novembri alguses m\u00f5tisklesime hingedep\u00e4eva ja halloweeni \u00fcle,<\/p>\n","protected":false},"author":17,"featured_media":2723,"parent":2754,"menu_order":1000,"comment_status":"closed","ping_status":"closed","template":"newsletter-template.php","meta":{"_acf_changed":false,"footnotes":""},"class_list":["post-2763","page","type-page","status-publish","has-post-thumbnail","hentry"],"acf":[],"_links":{"self":[{"href":"https:\/\/ramkool.edu.ee\/roostiku\/wp-json\/wp\/v2\/pages\/2763","targetHints":{"allow":["GET"]}}],"collection":[{"href":"https:\/\/ramkool.edu.ee\/roostiku\/wp-json\/wp\/v2\/pages"}],"about":[{"href":"https:\/\/ramkool.edu.ee\/roostiku\/wp-json\/wp\/v2\/types\/page"}],"author":[{"embeddable":true,"href":"https:\/\/ramkool.edu.ee\/roostiku\/wp-json\/wp\/v2\/users\/17"}],"replies":[{"embeddable":true,"href":"https:\/\/ramkool.edu.ee\/roostiku\/wp-json\/wp\/v2\/comments?post=2763"}],"version-history":[{"count":5,"href":"https:\/\/ramkool.edu.ee\/roostiku\/wp-json\/wp\/v2\/pages\/2763\/revisions"}],"predecessor-version":[{"id":2772,"href":"https:\/\/ramkool.edu.ee\/roostiku\/wp-json\/wp\/v2\/pages\/2763\/revisions\/2772"}],"up":[{"embeddable":true,"href":"https:\/\/ramkool.edu.ee\/roostiku\/wp-json\/wp\/v2\/pages\/2754"}],"wp:featuredmedia":[{"embeddable":true,"href":"https:\/\/ramkool.edu.ee\/roostiku\/wp-json\/wp\/v2\/media\/2723"}],"wp:attachment":[{"href":"https:\/\/ramkool.edu.ee\/roostiku\/wp-json\/wp\/v2\/media?parent=2763"}],"curies":[{"name":"wp","href":"https:\/\/api.w.org\/{rel}","templated":true}]}}