{"id":2768,"date":"2017-12-02T23:11:59","date_gmt":"2017-12-02T21:11:59","guid":{"rendered":"https:\/\/ramkool.edu.ee\/roostiku\/?page_id=2768"},"modified":"2017-12-02T23:14:30","modified_gmt":"2017-12-02T21:14:30","slug":"hangwin","status":"publish","type":"page","link":"https:\/\/ramkool.edu.ee\/roostiku\/omalooming\/tahtpaevad\/hangwin\/","title":{"rendered":"HangWin"},"content":{"rendered":"<p><strong>HangWin<\/strong><\/p>\n<p>&nbsp;<\/p>\n<p>HangWinni t\u00e4histatakse 1.novembril. HangWin sai alguse Roostiku koolist. Seal majas oli \u00fcks grupp, kelle nimi on Lilla (loosipaberi v\u00e4rvi j\u00e4rgi). Neil oli v\u00e4ga igav ning nad m\u00f5tlesid, et v\u00f5iks hingedep\u00e4eva ja halloweeni kokku panna, sest siis nad ei pea nii palju \u00f5ppima. Ning nad m\u00f5tlesid sellele Hiina-p\u00e4rase nimetuse anda. Nad panid selle nimeks HangWin. HangWinni ajal koputataks ustele kell 3-4 \u00f6\u00f6sel ja k\u00fcsitakse Hang v\u00f5i Win. Hang v\u00f5i Win t\u00e4hendas vaim v\u00f5i tont. Tont on halb, vaim on hea. Hang on vaim, Win on tont. Kui \u00f6eldakse Hang, siis visatakse nende elamist vutimunadega ja kui \u00f6eldakse Win, siis nad teevad pererahvale ilusa n\u00e4idendi ja pererahvas annab neile kommi selle eest. Maskeeritakse ennast poolenisti Hangiks ja poolenisti Wingiks ehk poolenisti heaks ja poolenisti halvaks. HangWingi t\u00e4histatakse sellep\u00e4rast, et saada aru, mis vaimud on kurjad ja mis vaimud on head. HangWinni t\u00e4histavad lapsed ning kui m\u00f5nda peresse lapsed ei l\u00e4he, siis sellel perel on 3 kuud \u00f5nnetu. See t\u00e4htp\u00e4ev on juba Eestis, sest meie m\u00f5tlesime selle ja me levitame seda edasi klassi\u00f5htute kaudu ja me r\u00e4\u00e4gime HangWingist vanematele ja vanemad r\u00e4\u00e4givad teistele vanematele ja siis lastele, kes veel ei tea.<\/p>\n<p>&nbsp;<\/p>\n<p>Siim, Martin, Teeli, Mia, Elise, Steivi<\/p>\n","protected":false},"excerpt":{"rendered":"<p>HangWin &nbsp; HangWinni t\u00e4histatakse 1.novembril. HangWin sai<\/p>\n","protected":false},"author":17,"featured_media":2720,"parent":2763,"menu_order":990,"comment_status":"closed","ping_status":"closed","template":"newsletter-template.php","meta":{"_acf_changed":false,"footnotes":""},"class_list":["post-2768","page","type-page","status-publish","has-post-thumbnail","hentry"],"acf":[],"_links":{"self":[{"href":"https:\/\/ramkool.edu.ee\/roostiku\/wp-json\/wp\/v2\/pages\/2768","targetHints":{"allow":["GET"]}}],"collection":[{"href":"https:\/\/ramkool.edu.ee\/roostiku\/wp-json\/wp\/v2\/pages"}],"about":[{"href":"https:\/\/ramkool.edu.ee\/roostiku\/wp-json\/wp\/v2\/types\/page"}],"author":[{"embeddable":true,"href":"https:\/\/ramkool.edu.ee\/roostiku\/wp-json\/wp\/v2\/users\/17"}],"replies":[{"embeddable":true,"href":"https:\/\/ramkool.edu.ee\/roostiku\/wp-json\/wp\/v2\/comments?post=2768"}],"version-history":[{"count":1,"href":"https:\/\/ramkool.edu.ee\/roostiku\/wp-json\/wp\/v2\/pages\/2768\/revisions"}],"predecessor-version":[{"id":2769,"href":"https:\/\/ramkool.edu.ee\/roostiku\/wp-json\/wp\/v2\/pages\/2768\/revisions\/2769"}],"up":[{"embeddable":true,"href":"https:\/\/ramkool.edu.ee\/roostiku\/wp-json\/wp\/v2\/pages\/2763"}],"wp:featuredmedia":[{"embeddable":true,"href":"https:\/\/ramkool.edu.ee\/roostiku\/wp-json\/wp\/v2\/media\/2720"}],"wp:attachment":[{"href":"https:\/\/ramkool.edu.ee\/roostiku\/wp-json\/wp\/v2\/media?parent=2768"}],"curies":[{"name":"wp","href":"https:\/\/api.w.org\/{rel}","templated":true}]}}