{"id":2773,"date":"2017-12-02T23:19:51","date_gmt":"2017-12-02T21:19:51","guid":{"rendered":"https:\/\/ramkool.edu.ee\/roostiku\/?page_id=2773"},"modified":"2017-12-02T23:24:21","modified_gmt":"2017-12-02T21:24:21","slug":"hahi","status":"publish","type":"page","link":"https:\/\/ramkool.edu.ee\/roostiku\/omalooming\/tahtpaevad\/hahi\/","title":{"rendered":"HAHI"},"content":{"rendered":"<p><strong>HAHI<\/strong><\/p>\n<ol>\n<li>Seda t\u00e4histatakse 25. augustil, sest siis inimesed ei k\u00fclmeta.<\/li>\n<li>See on tekkinud, et kahe t\u00e4htp\u00e4eva m\u00f5te kokku viia.<\/li>\n<li>T\u00e4histatakse nii, et k\u00e4iakse jooksmas, k\u00fcsitakse komme, aga antakse ka midagi edasi, nt vilja, lauldakse ka.<\/li>\n<li>Seda t\u00e4histatakse, sest see meeldib inimestele.<\/li>\n<\/ol>\n<p>Seda v\u00f5iks viia Eestis elavate inimeste hinge nii, et tutvustada koolides, kirjutada ajalehtedes, r\u00e4\u00e4kida seda vanematele.<\/p>\n<p>Melani, Iris, Kristjan, Saskia, Richard, Bertha<\/p>\n","protected":false},"excerpt":{"rendered":"<p>HAHI Seda t\u00e4histatakse 25. augustil, sest siis<\/p>\n","protected":false},"author":17,"featured_media":2718,"parent":2763,"menu_order":980,"comment_status":"closed","ping_status":"closed","template":"newsletter-template.php","meta":{"_acf_changed":false,"footnotes":""},"class_list":["post-2773","page","type-page","status-publish","has-post-thumbnail","hentry"],"acf":[],"_links":{"self":[{"href":"https:\/\/ramkool.edu.ee\/roostiku\/wp-json\/wp\/v2\/pages\/2773","targetHints":{"allow":["GET"]}}],"collection":[{"href":"https:\/\/ramkool.edu.ee\/roostiku\/wp-json\/wp\/v2\/pages"}],"about":[{"href":"https:\/\/ramkool.edu.ee\/roostiku\/wp-json\/wp\/v2\/types\/page"}],"author":[{"embeddable":true,"href":"https:\/\/ramkool.edu.ee\/roostiku\/wp-json\/wp\/v2\/users\/17"}],"replies":[{"embeddable":true,"href":"https:\/\/ramkool.edu.ee\/roostiku\/wp-json\/wp\/v2\/comments?post=2773"}],"version-history":[{"count":1,"href":"https:\/\/ramkool.edu.ee\/roostiku\/wp-json\/wp\/v2\/pages\/2773\/revisions"}],"predecessor-version":[{"id":2774,"href":"https:\/\/ramkool.edu.ee\/roostiku\/wp-json\/wp\/v2\/pages\/2773\/revisions\/2774"}],"up":[{"embeddable":true,"href":"https:\/\/ramkool.edu.ee\/roostiku\/wp-json\/wp\/v2\/pages\/2763"}],"wp:featuredmedia":[{"embeddable":true,"href":"https:\/\/ramkool.edu.ee\/roostiku\/wp-json\/wp\/v2\/media\/2718"}],"wp:attachment":[{"href":"https:\/\/ramkool.edu.ee\/roostiku\/wp-json\/wp\/v2\/media?parent=2773"}],"curies":[{"name":"wp","href":"https:\/\/api.w.org\/{rel}","templated":true}]}}