{"id":2775,"date":"2017-12-02T23:28:33","date_gmt":"2017-12-02T21:28:33","guid":{"rendered":"https:\/\/ramkool.edu.ee\/roostiku\/?page_id=2775"},"modified":"2017-12-02T23:29:25","modified_gmt":"2017-12-02T21:29:25","slug":"hingede-tervitamise-paev","status":"publish","type":"page","link":"https:\/\/ramkool.edu.ee\/roostiku\/omalooming\/tahtpaevad\/hingede-tervitamise-paev\/","title":{"rendered":"Hingede tervitamise p\u00e4ev"},"content":{"rendered":"<p><strong>HINGEDE TERVITAMISE P\u00c4EV <\/strong><\/p>\n<p>T\u00e4histatakse esimesel novembril.<\/p>\n<p>On tekkinud selleks, et suhelda heade hingedega ja et halvad hinged eemale peletada.<\/p>\n<p>T\u00e4histatakse heade hingede tervitamise ning neile s\u00f6\u00f6gi pakkumisega, kuid kui hing on halb, peletatakse ta minema.<\/p>\n<p>T\u00e4histatakse selleks, et t\u00e4nada h\u00e4id hingi ning et teha selgeks halbadele hingedele, et nad pole majja oodatud.<\/p>\n<p>Seda t\u00e4histatakse terve perega, sellel \u00f6\u00f6l kutsutakse enda juurde \u00f6\u00f6bima paljud inimesed oma suguv\u00f5sast.<\/p>\n<p>Inimestele t\u00e4htp\u00e4eva tutvustamiseks kutsutakse nad kuulutuste abil kokku ning r\u00e4\u00e4gitakse neile heade ja halbade hingede m\u00f5just. Seda reklaamitakse t\u00e4naval nii, et mitu punti inimesi l\u00e4heb erinevatesse kohtadesse linnades ning tehakse n\u00e4idendeid, etteasteid ning jutustusi selle t\u00e4htp\u00e4eva kohta. Seda saab reklaamida ka nii, et minnakse t\u00e4navatele ja kirjutatakse enda peale halb hing v\u00f5i hea hing ning tutvustatakse ennast inimestele ja k\u00fcsitakse neilt, mida nemad teeksid, kui halb hing v\u00f5i hea hing nende koju tuleks.<\/p>\n<p>Leena, Anna, Kristiin, Liisa, Isabel, Mia, Julia<\/p>\n","protected":false},"excerpt":{"rendered":"<p>HINGEDE TERVITAMISE P\u00c4EV T\u00e4histatakse esimesel novembril. On<\/p>\n","protected":false},"author":17,"featured_media":2717,"parent":2763,"menu_order":980,"comment_status":"closed","ping_status":"closed","template":"newsletter-template.php","meta":{"_acf_changed":false,"footnotes":""},"class_list":["post-2775","page","type-page","status-publish","has-post-thumbnail","hentry"],"acf":[],"_links":{"self":[{"href":"https:\/\/ramkool.edu.ee\/roostiku\/wp-json\/wp\/v2\/pages\/2775","targetHints":{"allow":["GET"]}}],"collection":[{"href":"https:\/\/ramkool.edu.ee\/roostiku\/wp-json\/wp\/v2\/pages"}],"about":[{"href":"https:\/\/ramkool.edu.ee\/roostiku\/wp-json\/wp\/v2\/types\/page"}],"author":[{"embeddable":true,"href":"https:\/\/ramkool.edu.ee\/roostiku\/wp-json\/wp\/v2\/users\/17"}],"replies":[{"embeddable":true,"href":"https:\/\/ramkool.edu.ee\/roostiku\/wp-json\/wp\/v2\/comments?post=2775"}],"version-history":[{"count":2,"href":"https:\/\/ramkool.edu.ee\/roostiku\/wp-json\/wp\/v2\/pages\/2775\/revisions"}],"predecessor-version":[{"id":2777,"href":"https:\/\/ramkool.edu.ee\/roostiku\/wp-json\/wp\/v2\/pages\/2775\/revisions\/2777"}],"up":[{"embeddable":true,"href":"https:\/\/ramkool.edu.ee\/roostiku\/wp-json\/wp\/v2\/pages\/2763"}],"wp:featuredmedia":[{"embeddable":true,"href":"https:\/\/ramkool.edu.ee\/roostiku\/wp-json\/wp\/v2\/media\/2717"}],"wp:attachment":[{"href":"https:\/\/ramkool.edu.ee\/roostiku\/wp-json\/wp\/v2\/media?parent=2775"}],"curies":[{"name":"wp","href":"https:\/\/api.w.org\/{rel}","templated":true}]}}