{"id":2779,"date":"2017-12-02T23:32:29","date_gmt":"2017-12-02T21:32:29","guid":{"rendered":"https:\/\/ramkool.edu.ee\/roostiku\/?page_id=2779"},"modified":"2017-12-02T23:32:29","modified_gmt":"2017-12-02T21:32:29","slug":"hingeween","status":"publish","type":"page","link":"https:\/\/ramkool.edu.ee\/roostiku\/omalooming\/tahtpaevad\/hingeween\/","title":{"rendered":"Hingeween"},"content":{"rendered":"<p><strong>HINGEWEEN<\/strong><strong>\u00a0<\/strong><\/p>\n<ul>\n<li>T\u00e4hisatatakse esimesel novembri n\u00e4dalal.<\/li>\n<li>See on tekkinud, et kutsuda hingi tagasi ja t\u00e4nada neid.<\/li>\n<li>Seda t\u00e4histatakse nii: lapsed panevad loomakarvast riided selga ja l\u00e4hevad jooskma, nad paluvad ande. Toad kaunistatakse k\u00f5rvitsate ja nahkhiirtega. M\u00e4ngitakse m\u00e4nge ja ollakse koos. S\u00fc\u00fcakse k\u00f5rvitsasuppi. M\u00f5ned inimesed on v\u00e4ga veidrate maitsemeeltega ja nemad teevad nahkhiire praadi.<\/li>\n<li>T\u00e4histatakse selleks, et inimesed saaksid olla koos surnud esivanematega.<\/li>\n<li>T\u00e4histavad k\u00f5ik: nii lapsed kui ka suured ja vanad.<\/li>\n<li>Selleks, et uus p\u00fcha viia Eestis elevate inimesteni, tuleks seda hakata t\u00e4histama ja igalpool sellest r\u00e4\u00e4kida.<\/li>\n<\/ul>\n<p>Greta, Lisanna, Patricia, Tristan, Linda , Imre<\/p>\n","protected":false},"excerpt":{"rendered":"<p>HINGEWEEN\u00a0 T\u00e4hisatatakse esimesel novembri n\u00e4dalal. See on<\/p>\n","protected":false},"author":17,"featured_media":2721,"parent":2763,"menu_order":970,"comment_status":"closed","ping_status":"closed","template":"newsletter-template.php","meta":{"_acf_changed":false,"footnotes":""},"class_list":["post-2779","page","type-page","status-publish","has-post-thumbnail","hentry"],"acf":[],"_links":{"self":[{"href":"https:\/\/ramkool.edu.ee\/roostiku\/wp-json\/wp\/v2\/pages\/2779","targetHints":{"allow":["GET"]}}],"collection":[{"href":"https:\/\/ramkool.edu.ee\/roostiku\/wp-json\/wp\/v2\/pages"}],"about":[{"href":"https:\/\/ramkool.edu.ee\/roostiku\/wp-json\/wp\/v2\/types\/page"}],"author":[{"embeddable":true,"href":"https:\/\/ramkool.edu.ee\/roostiku\/wp-json\/wp\/v2\/users\/17"}],"replies":[{"embeddable":true,"href":"https:\/\/ramkool.edu.ee\/roostiku\/wp-json\/wp\/v2\/comments?post=2779"}],"version-history":[{"count":1,"href":"https:\/\/ramkool.edu.ee\/roostiku\/wp-json\/wp\/v2\/pages\/2779\/revisions"}],"predecessor-version":[{"id":2780,"href":"https:\/\/ramkool.edu.ee\/roostiku\/wp-json\/wp\/v2\/pages\/2779\/revisions\/2780"}],"up":[{"embeddable":true,"href":"https:\/\/ramkool.edu.ee\/roostiku\/wp-json\/wp\/v2\/pages\/2763"}],"wp:featuredmedia":[{"embeddable":true,"href":"https:\/\/ramkool.edu.ee\/roostiku\/wp-json\/wp\/v2\/media\/2721"}],"wp:attachment":[{"href":"https:\/\/ramkool.edu.ee\/roostiku\/wp-json\/wp\/v2\/media?parent=2779"}],"curies":[{"name":"wp","href":"https:\/\/api.w.org\/{rel}","templated":true}]}}