{"id":2783,"date":"2017-12-02T23:36:27","date_gmt":"2017-12-02T21:36:27","guid":{"rendered":"https:\/\/ramkool.edu.ee\/roostiku\/?page_id=2783"},"modified":"2017-12-02T23:36:27","modified_gmt":"2017-12-02T21:36:27","slug":"uus-tahtpaev","status":"publish","type":"page","link":"https:\/\/ramkool.edu.ee\/roostiku\/omalooming\/tahtpaevad\/uus-tahtpaev\/","title":{"rendered":"Uus t\u00e4htp\u00e4ev"},"content":{"rendered":"<p><span style=\"font-family: 'Bookman Old Style',serif\"><span style=\"color: #000000;font-size: medium\">Toimub 1. novembril.<\/span><\/span><\/p>\n<p><span style=\"font-family: 'Bookman Old Style',serif\"><span style=\"color: #000000;font-size: medium\">Inimestele meeldisid m\u00f5lemad traditsioonid, sellep\u00e4rast pandi kokku hingedep\u00e4ev ja halloween.<\/span><\/span><\/p>\n<p><span style=\"font-family: 'Bookman Old Style',serif\"><span style=\"color: #000000;font-size: medium\">Maskeeritakse end hingedeks ja k\u00e4iakse perest perre, k\u00fcsitakse: Komm v\u00f5i pomm, saadakse maiustusi.<\/span><\/span><\/p>\n<p><span style=\"font-family: 'Bookman Old Style',serif\"><span style=\"color: #000000;font-size: medium\">Kaunistatakse majad k\u00fc\u00fcnaldega.<\/span><\/span><\/p>\n<p><span style=\"font-family: 'Bookman Old Style',serif\"><span style=\"color: #000000;font-size: medium\">Ennustatakse p\u00e4hklitega pulma\u00f5nne visates p\u00e4hkli tulle. Kui p\u00e4hkel plahvatab, siis on halb \u00f5nn.<\/span><\/span><\/p>\n<p><span style=\"font-family: 'Bookman Old Style',serif\"><span style=\"color: #000000;font-size: medium\">Pannakse h\u00f5\u00f5guv s\u00fcsi \u00f6\u00f6sel enda l\u00e4hedale, et n\u00e4ha unes oma tulevast meest.<\/span><\/span><\/p>\n<p><span style=\"font-family: 'Bookman Old Style',serif\"><span style=\"color: #000000;font-size: medium\">Inimesed t\u00e4histavad p\u00fcha, kuna nad tahavad h\u00e4id hingi kutsuda, aga kurje vaime peletada ja nad ei taha kahte erinevat p\u00fcha.<\/span><\/span><\/p>\n<p><span style=\"font-family: 'Bookman Old Style',serif\"><span style=\"color: #000000;font-size: medium\">K\u00f5ik, kes soovivad, t\u00e4histavad seda p\u00fcha. Luuakse t\u00e4htp\u00e4evanimeline kodulehek\u00fclg. Vaikselt v\u00f5iksid m\u00f5ned inimesed seda j\u00e4rgima hakata.<\/span><\/span><\/p>\n<p><span style=\"font-family: 'Bookman Old Style',serif\"><span style=\"color: #000000;font-size: medium\">Liisa, Grete, Laura, Rianna, Florian, Henri<\/span><\/span><\/p>\n<p>&nbsp;<\/p>\n","protected":false},"excerpt":{"rendered":"<p>Toimub 1. novembril. Inimestele meeldisid m\u00f5lemad traditsioonid,<\/p>\n","protected":false},"author":17,"featured_media":2719,"parent":2763,"menu_order":960,"comment_status":"closed","ping_status":"closed","template":"newsletter-template.php","meta":{"_acf_changed":false,"footnotes":""},"class_list":["post-2783","page","type-page","status-publish","has-post-thumbnail","hentry"],"acf":[],"_links":{"self":[{"href":"https:\/\/ramkool.edu.ee\/roostiku\/wp-json\/wp\/v2\/pages\/2783","targetHints":{"allow":["GET"]}}],"collection":[{"href":"https:\/\/ramkool.edu.ee\/roostiku\/wp-json\/wp\/v2\/pages"}],"about":[{"href":"https:\/\/ramkool.edu.ee\/roostiku\/wp-json\/wp\/v2\/types\/page"}],"author":[{"embeddable":true,"href":"https:\/\/ramkool.edu.ee\/roostiku\/wp-json\/wp\/v2\/users\/17"}],"replies":[{"embeddable":true,"href":"https:\/\/ramkool.edu.ee\/roostiku\/wp-json\/wp\/v2\/comments?post=2783"}],"version-history":[{"count":1,"href":"https:\/\/ramkool.edu.ee\/roostiku\/wp-json\/wp\/v2\/pages\/2783\/revisions"}],"predecessor-version":[{"id":2784,"href":"https:\/\/ramkool.edu.ee\/roostiku\/wp-json\/wp\/v2\/pages\/2783\/revisions\/2784"}],"up":[{"embeddable":true,"href":"https:\/\/ramkool.edu.ee\/roostiku\/wp-json\/wp\/v2\/pages\/2763"}],"wp:featuredmedia":[{"embeddable":true,"href":"https:\/\/ramkool.edu.ee\/roostiku\/wp-json\/wp\/v2\/media\/2719"}],"wp:attachment":[{"href":"https:\/\/ramkool.edu.ee\/roostiku\/wp-json\/wp\/v2\/media?parent=2783"}],"curies":[{"name":"wp","href":"https:\/\/api.w.org\/{rel}","templated":true}]}}