{"id":28174,"date":"2026-04-20T18:07:56","date_gmt":"2026-04-20T15:07:56","guid":{"rendered":"https:\/\/ramkool.edu.ee\/roostiku\/?page_id=28174"},"modified":"2026-04-20T18:07:56","modified_gmt":"2026-04-20T15:07:56","slug":"roostiku-koks-2026","status":"publish","type":"page","link":"https:\/\/ramkool.edu.ee\/roostiku\/pildialbum\/kooliaasta-2025-2026\/roostiku-koks-2026\/","title":{"rendered":"Roostiku Koks 2026"},"content":{"rendered":"\n<p>Munadep\u00fcha esmasp\u00e4eval saabusime kooli uhkelt v\u00e4rvitud p\u00fchademunadega. Koksisime ja finaali j\u00f5udsid Aleksandra ning Ruben. K\u00f5ige tugevam p\u00fchademuna oli sel aastal Rubenil.<\/p>\n\n\n\n<p><\/p>\n","protected":false},"excerpt":{"rendered":"<p>Munadep\u00fcha esmasp\u00e4eval saabusime kooli uhkelt v\u00e4rvitud p\u00fchademunadega.<\/p>\n","protected":false},"author":17,"featured_media":28202,"parent":26574,"menu_order":795,"comment_status":"closed","ping_status":"closed","template":"gallery-template.php","meta":{"_acf_changed":false,"footnotes":""},"class_list":["post-28174","page","type-page","status-publish","has-post-thumbnail","hentry"],"acf":[],"_links":{"self":[{"href":"https:\/\/ramkool.edu.ee\/roostiku\/wp-json\/wp\/v2\/pages\/28174","targetHints":{"allow":["GET"]}}],"collection":[{"href":"https:\/\/ramkool.edu.ee\/roostiku\/wp-json\/wp\/v2\/pages"}],"about":[{"href":"https:\/\/ramkool.edu.ee\/roostiku\/wp-json\/wp\/v2\/types\/page"}],"author":[{"embeddable":true,"href":"https:\/\/ramkool.edu.ee\/roostiku\/wp-json\/wp\/v2\/users\/17"}],"replies":[{"embeddable":true,"href":"https:\/\/ramkool.edu.ee\/roostiku\/wp-json\/wp\/v2\/comments?post=28174"}],"version-history":[{"count":2,"href":"https:\/\/ramkool.edu.ee\/roostiku\/wp-json\/wp\/v2\/pages\/28174\/revisions"}],"predecessor-version":[{"id":28205,"href":"https:\/\/ramkool.edu.ee\/roostiku\/wp-json\/wp\/v2\/pages\/28174\/revisions\/28205"}],"up":[{"embeddable":true,"href":"https:\/\/ramkool.edu.ee\/roostiku\/wp-json\/wp\/v2\/pages\/26574"}],"wp:featuredmedia":[{"embeddable":true,"href":"https:\/\/ramkool.edu.ee\/roostiku\/wp-json\/wp\/v2\/media\/28202"}],"wp:attachment":[{"href":"https:\/\/ramkool.edu.ee\/roostiku\/wp-json\/wp\/v2\/media?parent=28174"}],"curies":[{"name":"wp","href":"https:\/\/api.w.org\/{rel}","templated":true}]}}