{"id":2830,"date":"2017-12-23T13:00:22","date_gmt":"2017-12-23T11:00:22","guid":{"rendered":"https:\/\/ramkool.edu.ee\/roostiku\/?page_id=2830"},"modified":"2017-12-23T13:30:15","modified_gmt":"2017-12-23T11:30:15","slug":"helkur-on-oine-paike","status":"publish","type":"page","link":"https:\/\/ramkool.edu.ee\/roostiku\/pildialbum\/2017-18\/helkur-on-oine-paike\/","title":{"rendered":"Helkur on \u00f6ine p\u00e4ike!"},"content":{"rendered":"<p>Kolmanda talve tegelased uurisid helkurit: millal ja kuidas helkur avastati, kuidas see toimib, miks ja kuidas on oluline helkurit kanda. Otsustasime kooliperega rajada ka Tiskre k\u00fcla bussipeatuse juurde helkuripuu, kust on v\u00f5imalik endale pimedal ajal helkur k\u00fclge riputada. \u00dchel hommikul seda siis ka \u00fcheskoos tegime. Palun kandke helkurit!<\/p>\n","protected":false},"excerpt":{"rendered":"<p>Kolmanda talve tegelased uurisid helkurit: millal ja<\/p>\n","protected":false},"author":17,"featured_media":2851,"parent":1521,"menu_order":780,"comment_status":"closed","ping_status":"closed","template":"gallery-template.php","meta":{"_acf_changed":false,"footnotes":""},"class_list":["post-2830","page","type-page","status-publish","has-post-thumbnail","hentry"],"acf":[],"_links":{"self":[{"href":"https:\/\/ramkool.edu.ee\/roostiku\/wp-json\/wp\/v2\/pages\/2830","targetHints":{"allow":["GET"]}}],"collection":[{"href":"https:\/\/ramkool.edu.ee\/roostiku\/wp-json\/wp\/v2\/pages"}],"about":[{"href":"https:\/\/ramkool.edu.ee\/roostiku\/wp-json\/wp\/v2\/types\/page"}],"author":[{"embeddable":true,"href":"https:\/\/ramkool.edu.ee\/roostiku\/wp-json\/wp\/v2\/users\/17"}],"replies":[{"embeddable":true,"href":"https:\/\/ramkool.edu.ee\/roostiku\/wp-json\/wp\/v2\/comments?post=2830"}],"version-history":[{"count":4,"href":"https:\/\/ramkool.edu.ee\/roostiku\/wp-json\/wp\/v2\/pages\/2830\/revisions"}],"predecessor-version":[{"id":2862,"href":"https:\/\/ramkool.edu.ee\/roostiku\/wp-json\/wp\/v2\/pages\/2830\/revisions\/2862"}],"up":[{"embeddable":true,"href":"https:\/\/ramkool.edu.ee\/roostiku\/wp-json\/wp\/v2\/pages\/1521"}],"wp:featuredmedia":[{"embeddable":true,"href":"https:\/\/ramkool.edu.ee\/roostiku\/wp-json\/wp\/v2\/media\/2851"}],"wp:attachment":[{"href":"https:\/\/ramkool.edu.ee\/roostiku\/wp-json\/wp\/v2\/media?parent=2830"}],"curies":[{"name":"wp","href":"https:\/\/api.w.org\/{rel}","templated":true}]}}