{"id":2867,"date":"2017-12-23T14:47:17","date_gmt":"2017-12-23T12:47:17","guid":{"rendered":"https:\/\/ramkool.edu.ee\/roostiku\/?page_id=2867"},"modified":"2017-12-23T14:47:17","modified_gmt":"2017-12-23T12:47:17","slug":"soome-100","status":"publish","type":"page","link":"https:\/\/ramkool.edu.ee\/roostiku\/pildialbum\/2017-18\/soome-100\/","title":{"rendered":"Soome 100"},"content":{"rendered":"<p>6. detsembril t\u00e4histasime Roostiku koolimajas Soome s\u00fcnnip\u00e4eva. Avasime v\u00e4ikse Soome kirjanduse ja disaini n\u00e4ituse, panime oma teadmised proovile Soome-teemalises viktoriinis. Ja riietusime sinivalgesse. Palju \u00f5nne, hea naaberriik!<\/p>\n","protected":false},"excerpt":{"rendered":"<p>6. detsembril t\u00e4histasime Roostiku koolimajas Soome s\u00fcnnip\u00e4eva.<\/p>\n","protected":false},"author":17,"featured_media":2871,"parent":1521,"menu_order":790,"comment_status":"closed","ping_status":"closed","template":"gallery-template.php","meta":{"_acf_changed":false,"footnotes":""},"class_list":["post-2867","page","type-page","status-publish","has-post-thumbnail","hentry"],"acf":[],"_links":{"self":[{"href":"https:\/\/ramkool.edu.ee\/roostiku\/wp-json\/wp\/v2\/pages\/2867","targetHints":{"allow":["GET"]}}],"collection":[{"href":"https:\/\/ramkool.edu.ee\/roostiku\/wp-json\/wp\/v2\/pages"}],"about":[{"href":"https:\/\/ramkool.edu.ee\/roostiku\/wp-json\/wp\/v2\/types\/page"}],"author":[{"embeddable":true,"href":"https:\/\/ramkool.edu.ee\/roostiku\/wp-json\/wp\/v2\/users\/17"}],"replies":[{"embeddable":true,"href":"https:\/\/ramkool.edu.ee\/roostiku\/wp-json\/wp\/v2\/comments?post=2867"}],"version-history":[{"count":1,"href":"https:\/\/ramkool.edu.ee\/roostiku\/wp-json\/wp\/v2\/pages\/2867\/revisions"}],"predecessor-version":[{"id":2876,"href":"https:\/\/ramkool.edu.ee\/roostiku\/wp-json\/wp\/v2\/pages\/2867\/revisions\/2876"}],"up":[{"embeddable":true,"href":"https:\/\/ramkool.edu.ee\/roostiku\/wp-json\/wp\/v2\/pages\/1521"}],"wp:featuredmedia":[{"embeddable":true,"href":"https:\/\/ramkool.edu.ee\/roostiku\/wp-json\/wp\/v2\/media\/2871"}],"wp:attachment":[{"href":"https:\/\/ramkool.edu.ee\/roostiku\/wp-json\/wp\/v2\/media?parent=2867"}],"curies":[{"name":"wp","href":"https:\/\/api.w.org\/{rel}","templated":true}]}}