{"id":3121,"date":"2018-01-06T11:45:51","date_gmt":"2018-01-06T09:45:51","guid":{"rendered":"https:\/\/ramkool.edu.ee\/roostiku\/?page_id=3121"},"modified":"2018-01-06T14:02:31","modified_gmt":"2018-01-06T12:02:31","slug":"vaike-roosa","status":"publish","type":"page","link":"https:\/\/ramkool.edu.ee\/roostiku\/omalooming\/tondijuttude-tegelaste-koondportreed\/vaike-roosa\/","title":{"rendered":"V\u00e4ike Roosa"},"content":{"rendered":"<p>V\u00e4ike ja\u00a0roosa, varastab maagia abil inimestelt komme. \u00dcldiselt s\u00f5bralik, kui t ak\u00f5ht on t\u00e4is, muidu v\u00f5ib ta kurjaks saada. Kurjaks saab ta ahnete inimeste peale.<\/p>\n<p>Raamatud ja tegelased, kellest koondportree on kokku seatud: O.Preussler \u201eV\u00e4ike tont\u201c \u2013 v\u00e4ike tont, O.Preussler \u201eKrabat\u201c \u2013 Meister, R.G.Gil \u201eHele ja roosa kummitus\u201c \u2013 roosa kummitus, A.Sommer-Bodenburg \u201eV\u00e4ike vampiir\u201c \u2013 R\u00fcdiger<\/p>\n<p>Mia-Maria, Linda, Anna, Liisa<\/p>\n","protected":false},"excerpt":{"rendered":"<p>V\u00e4ike ja\u00a0roosa, varastab maagia abil inimestelt komme.<\/p>\n","protected":false},"author":17,"featured_media":3126,"parent":3119,"menu_order":990,"comment_status":"closed","ping_status":"closed","template":"","meta":{"_acf_changed":false,"footnotes":""},"class_list":["post-3121","page","type-page","status-publish","has-post-thumbnail","hentry"],"acf":[],"_links":{"self":[{"href":"https:\/\/ramkool.edu.ee\/roostiku\/wp-json\/wp\/v2\/pages\/3121","targetHints":{"allow":["GET"]}}],"collection":[{"href":"https:\/\/ramkool.edu.ee\/roostiku\/wp-json\/wp\/v2\/pages"}],"about":[{"href":"https:\/\/ramkool.edu.ee\/roostiku\/wp-json\/wp\/v2\/types\/page"}],"author":[{"embeddable":true,"href":"https:\/\/ramkool.edu.ee\/roostiku\/wp-json\/wp\/v2\/users\/17"}],"replies":[{"embeddable":true,"href":"https:\/\/ramkool.edu.ee\/roostiku\/wp-json\/wp\/v2\/comments?post=3121"}],"version-history":[{"count":7,"href":"https:\/\/ramkool.edu.ee\/roostiku\/wp-json\/wp\/v2\/pages\/3121\/revisions"}],"predecessor-version":[{"id":3135,"href":"https:\/\/ramkool.edu.ee\/roostiku\/wp-json\/wp\/v2\/pages\/3121\/revisions\/3135"}],"up":[{"embeddable":true,"href":"https:\/\/ramkool.edu.ee\/roostiku\/wp-json\/wp\/v2\/pages\/3119"}],"wp:featuredmedia":[{"embeddable":true,"href":"https:\/\/ramkool.edu.ee\/roostiku\/wp-json\/wp\/v2\/media\/3126"}],"wp:attachment":[{"href":"https:\/\/ramkool.edu.ee\/roostiku\/wp-json\/wp\/v2\/media?parent=3121"}],"curies":[{"name":"wp","href":"https:\/\/api.w.org\/{rel}","templated":true}]}}