{"id":3139,"date":"2018-01-06T14:09:02","date_gmt":"2018-01-06T12:09:02","guid":{"rendered":"https:\/\/ramkool.edu.ee\/roostiku\/?page_id=3139"},"modified":"2018-01-06T14:09:02","modified_gmt":"2018-01-06T12:09:02","slug":"londemas","status":"publish","type":"page","link":"https:\/\/ramkool.edu.ee\/roostiku\/omalooming\/tondijuttude-tegelaste-koondportreed\/londemas\/","title":{"rendered":"Londemas"},"content":{"rendered":"<p>Ta on s\u00f5bralik ja arglik. P\u00e4eval t\u00f6\u00f6tab loomapoes ja \u00f6\u00f6sel kummitab. Tema kummitamine toob \u00f5nne. Ta armastab loomi. Tal on kodus 73 nahkhiirt ja 43 papagoid. Kuigi on ta erialalt \u00f5ppinud tondiks, armastab ta loomi ning saab vihaseks, kui loomadele tehakse liiga v\u00f5i halba. Ta alati unustab hambaid pesta. Tal on \u00fcks suur probleem &#8211; kui ta istub toolile, kukub ta sellest l\u00e4bi, sest ta on kummitus.<\/p>\n<p>H.K\u00e4o &#8220;Dondi jutud&#8221; &#8211; Luupainaja Leo; M.Widmark &#8220;Loomam\u00f5istatus&#8221; &#8211; Valdemar; H.Vilep &#8221; Kapiukse kollid planeedil X&#8221; &#8211; kapiukse koll<\/p>\n","protected":false},"excerpt":{"rendered":"<p>Ta on s\u00f5bralik ja arglik. P\u00e4eval t\u00f6\u00f6tab<\/p>\n","protected":false},"author":17,"featured_media":3128,"parent":3119,"menu_order":970,"comment_status":"closed","ping_status":"closed","template":"","meta":{"_acf_changed":false,"footnotes":""},"class_list":["post-3139","page","type-page","status-publish","has-post-thumbnail","hentry"],"acf":[],"_links":{"self":[{"href":"https:\/\/ramkool.edu.ee\/roostiku\/wp-json\/wp\/v2\/pages\/3139","targetHints":{"allow":["GET"]}}],"collection":[{"href":"https:\/\/ramkool.edu.ee\/roostiku\/wp-json\/wp\/v2\/pages"}],"about":[{"href":"https:\/\/ramkool.edu.ee\/roostiku\/wp-json\/wp\/v2\/types\/page"}],"author":[{"embeddable":true,"href":"https:\/\/ramkool.edu.ee\/roostiku\/wp-json\/wp\/v2\/users\/17"}],"replies":[{"embeddable":true,"href":"https:\/\/ramkool.edu.ee\/roostiku\/wp-json\/wp\/v2\/comments?post=3139"}],"version-history":[{"count":1,"href":"https:\/\/ramkool.edu.ee\/roostiku\/wp-json\/wp\/v2\/pages\/3139\/revisions"}],"predecessor-version":[{"id":3140,"href":"https:\/\/ramkool.edu.ee\/roostiku\/wp-json\/wp\/v2\/pages\/3139\/revisions\/3140"}],"up":[{"embeddable":true,"href":"https:\/\/ramkool.edu.ee\/roostiku\/wp-json\/wp\/v2\/pages\/3119"}],"wp:featuredmedia":[{"embeddable":true,"href":"https:\/\/ramkool.edu.ee\/roostiku\/wp-json\/wp\/v2\/media\/3128"}],"wp:attachment":[{"href":"https:\/\/ramkool.edu.ee\/roostiku\/wp-json\/wp\/v2\/media?parent=3139"}],"curies":[{"name":"wp","href":"https:\/\/api.w.org\/{rel}","templated":true}]}}