{"id":3141,"date":"2018-01-06T14:12:51","date_gmt":"2018-01-06T12:12:51","guid":{"rendered":"https:\/\/ramkool.edu.ee\/roostiku\/?page_id=3141"},"modified":"2018-01-06T14:12:51","modified_gmt":"2018-01-06T12:12:51","slug":"karold","status":"publish","type":"page","link":"https:\/\/ramkool.edu.ee\/roostiku\/omalooming\/tondijuttude-tegelaste-koondportreed\/karold\/","title":{"rendered":"Karold"},"content":{"rendered":"<p>Karoldi lemmiks\u00f6\u00f6k on oinas. Ta kiusab endast teistsuguseid tegelasi. Karold on seiklushimuline. Ta on andekas, sest ta \u00f5pib h\u00e4sti. Karold on 585-aastane.<\/p>\n<p>O.Preussler &#8220;Krabat&#8221;; S.Kaiblinger &#8220;Hirmu-Harry&#8221;; R.G.Gil &#8220;Hela ja roosa kummitus&#8221;; M.Widmark &#8220;Nelly Rapp ja libahundid&#8221;<\/p>\n","protected":false},"excerpt":{"rendered":"<p>Karoldi lemmiks\u00f6\u00f6k on oinas. Ta kiusab endast<\/p>\n","protected":false},"author":17,"featured_media":3129,"parent":3119,"menu_order":960,"comment_status":"closed","ping_status":"closed","template":"","meta":{"_acf_changed":false,"footnotes":""},"class_list":["post-3141","page","type-page","status-publish","has-post-thumbnail","hentry"],"acf":[],"_links":{"self":[{"href":"https:\/\/ramkool.edu.ee\/roostiku\/wp-json\/wp\/v2\/pages\/3141","targetHints":{"allow":["GET"]}}],"collection":[{"href":"https:\/\/ramkool.edu.ee\/roostiku\/wp-json\/wp\/v2\/pages"}],"about":[{"href":"https:\/\/ramkool.edu.ee\/roostiku\/wp-json\/wp\/v2\/types\/page"}],"author":[{"embeddable":true,"href":"https:\/\/ramkool.edu.ee\/roostiku\/wp-json\/wp\/v2\/users\/17"}],"replies":[{"embeddable":true,"href":"https:\/\/ramkool.edu.ee\/roostiku\/wp-json\/wp\/v2\/comments?post=3141"}],"version-history":[{"count":1,"href":"https:\/\/ramkool.edu.ee\/roostiku\/wp-json\/wp\/v2\/pages\/3141\/revisions"}],"predecessor-version":[{"id":3142,"href":"https:\/\/ramkool.edu.ee\/roostiku\/wp-json\/wp\/v2\/pages\/3141\/revisions\/3142"}],"up":[{"embeddable":true,"href":"https:\/\/ramkool.edu.ee\/roostiku\/wp-json\/wp\/v2\/pages\/3119"}],"wp:featuredmedia":[{"embeddable":true,"href":"https:\/\/ramkool.edu.ee\/roostiku\/wp-json\/wp\/v2\/media\/3129"}],"wp:attachment":[{"href":"https:\/\/ramkool.edu.ee\/roostiku\/wp-json\/wp\/v2\/media?parent=3141"}],"curies":[{"name":"wp","href":"https:\/\/api.w.org\/{rel}","templated":true}]}}