{"id":3152,"date":"2018-02-25T12:09:20","date_gmt":"2018-02-25T10:09:20","guid":{"rendered":"https:\/\/ramkool.edu.ee\/roostiku\/?page_id=3152"},"modified":"2018-02-25T12:26:38","modified_gmt":"2018-02-25T10:26:38","slug":"3152-2","status":"publish","type":"page","link":"https:\/\/ramkool.edu.ee\/roostiku\/pildialbum\/2017-18\/3152-2\/","title":{"rendered":"Vastlap\u00e4ev"},"content":{"rendered":"<p>Vastlap\u00e4eval trallitasime Roostiku koolimaja \u00fcmber. Tegutsesime v\u00f5istkondades, kus l\u00e4ks vaja kiirust ja nupukust. Selgitasime v\u00e4lja k\u00f5ige pikema liu tasasel maal. K\u00f5ige kaugemale liugles Simo. Hurraa! Leidsime ka v\u00e4ikse k\u00fcnka, kust kelguga alla libiseda. K\u00f5ike saatis r\u00f5\u00f5mus meel ja naeratus n\u00e4ol. Ja toas ootasid meid soe tee ja maitsvad vastlakuklid. Oli vahva!<\/p>\n","protected":false},"excerpt":{"rendered":"<p>Vastlap\u00e4eval trallitasime Roostiku koolimaja \u00fcmber. Tegutsesime v\u00f5istkondades,<\/p>\n","protected":false},"author":17,"featured_media":3156,"parent":1521,"menu_order":750,"comment_status":"closed","ping_status":"closed","template":"gallery-template.php","meta":{"_acf_changed":false,"footnotes":""},"class_list":["post-3152","page","type-page","status-publish","has-post-thumbnail","hentry"],"acf":[],"_links":{"self":[{"href":"https:\/\/ramkool.edu.ee\/roostiku\/wp-json\/wp\/v2\/pages\/3152","targetHints":{"allow":["GET"]}}],"collection":[{"href":"https:\/\/ramkool.edu.ee\/roostiku\/wp-json\/wp\/v2\/pages"}],"about":[{"href":"https:\/\/ramkool.edu.ee\/roostiku\/wp-json\/wp\/v2\/types\/page"}],"author":[{"embeddable":true,"href":"https:\/\/ramkool.edu.ee\/roostiku\/wp-json\/wp\/v2\/users\/17"}],"replies":[{"embeddable":true,"href":"https:\/\/ramkool.edu.ee\/roostiku\/wp-json\/wp\/v2\/comments?post=3152"}],"version-history":[{"count":4,"href":"https:\/\/ramkool.edu.ee\/roostiku\/wp-json\/wp\/v2\/pages\/3152\/revisions"}],"predecessor-version":[{"id":3360,"href":"https:\/\/ramkool.edu.ee\/roostiku\/wp-json\/wp\/v2\/pages\/3152\/revisions\/3360"}],"up":[{"embeddable":true,"href":"https:\/\/ramkool.edu.ee\/roostiku\/wp-json\/wp\/v2\/pages\/1521"}],"wp:featuredmedia":[{"embeddable":true,"href":"https:\/\/ramkool.edu.ee\/roostiku\/wp-json\/wp\/v2\/media\/3156"}],"wp:attachment":[{"href":"https:\/\/ramkool.edu.ee\/roostiku\/wp-json\/wp\/v2\/media?parent=3152"}],"curies":[{"name":"wp","href":"https:\/\/api.w.org\/{rel}","templated":true}]}}