{"id":3434,"date":"2018-02-25T19:11:07","date_gmt":"2018-02-25T17:11:07","guid":{"rendered":"https:\/\/ramkool.edu.ee\/roostiku\/?page_id=3434"},"modified":"2018-02-25T19:12:27","modified_gmt":"2018-02-25T17:12:27","slug":"kunstinaitusel","status":"publish","type":"page","link":"https:\/\/ramkool.edu.ee\/roostiku\/pildialbum\/2017-18\/kunstinaitusel\/","title":{"rendered":"Kunstin\u00e4itusel"},"content":{"rendered":"<p>3. perioodi l\u00f5pus k\u00fclastasime Tallinna Raekojas kunstin\u00e4itust &#8220;R\u00f5\u00f5m linna s\u00fcdames. Maalid Enn Kunila kollektsioonist&#8221;. See on kaunis n\u00e4itus. Soovitame k\u00fclastada! <a href=\"http:\/\/raekoda.tallinn.ee\/room-linna-sudames-maalid-enn-kunila-kollektsioonist\">http:\/\/raekoda.tallinn.ee\/room-linna-sudames-maalid-enn-kunila-kollektsioonist<\/a><\/p>\n","protected":false},"excerpt":{"rendered":"<p>3. perioodi l\u00f5pus k\u00fclastasime Tallinna Raekojas kunstin\u00e4itust<\/p>\n","protected":false},"author":17,"featured_media":3439,"parent":1521,"menu_order":730,"comment_status":"closed","ping_status":"closed","template":"gallery-template.php","meta":{"_acf_changed":false,"footnotes":""},"class_list":["post-3434","page","type-page","status-publish","has-post-thumbnail","hentry"],"acf":[],"_links":{"self":[{"href":"https:\/\/ramkool.edu.ee\/roostiku\/wp-json\/wp\/v2\/pages\/3434","targetHints":{"allow":["GET"]}}],"collection":[{"href":"https:\/\/ramkool.edu.ee\/roostiku\/wp-json\/wp\/v2\/pages"}],"about":[{"href":"https:\/\/ramkool.edu.ee\/roostiku\/wp-json\/wp\/v2\/types\/page"}],"author":[{"embeddable":true,"href":"https:\/\/ramkool.edu.ee\/roostiku\/wp-json\/wp\/v2\/users\/17"}],"replies":[{"embeddable":true,"href":"https:\/\/ramkool.edu.ee\/roostiku\/wp-json\/wp\/v2\/comments?post=3434"}],"version-history":[{"count":1,"href":"https:\/\/ramkool.edu.ee\/roostiku\/wp-json\/wp\/v2\/pages\/3434\/revisions"}],"predecessor-version":[{"id":3443,"href":"https:\/\/ramkool.edu.ee\/roostiku\/wp-json\/wp\/v2\/pages\/3434\/revisions\/3443"}],"up":[{"embeddable":true,"href":"https:\/\/ramkool.edu.ee\/roostiku\/wp-json\/wp\/v2\/pages\/1521"}],"wp:featuredmedia":[{"embeddable":true,"href":"https:\/\/ramkool.edu.ee\/roostiku\/wp-json\/wp\/v2\/media\/3439"}],"wp:attachment":[{"href":"https:\/\/ramkool.edu.ee\/roostiku\/wp-json\/wp\/v2\/media?parent=3434"}],"curies":[{"name":"wp","href":"https:\/\/api.w.org\/{rel}","templated":true}]}}