{"id":3644,"date":"2018-02-26T10:19:45","date_gmt":"2018-02-26T08:19:45","guid":{"rendered":"https:\/\/ramkool.edu.ee\/roostiku\/?page_id=3644"},"modified":"2022-11-20T21:14:18","modified_gmt":"2022-11-20T19:14:18","slug":"kohatu-moisa-moisnik-ja-tulutooja","status":"publish","type":"page","link":"https:\/\/ramkool.edu.ee\/roostiku\/omalooming\/kirjatood-eestimaast\/kohatu-moisa-moisnik-ja-tulutooja\/","title":{"rendered":"Kohatu m\u00f5isa m\u00f5isnik ja tulutooja"},"content":{"rendered":"<p>Kunagi ammu aastal 1470, kui Kohatu k\u00fcla oli veel Kohhati k\u00fcla, hakati k\u00fcla k\u00f5rvale ehitama m\u00f5isa. K\u00fclaelanikud olla terve talve julgust kogunud ja l\u00f5puks kevade keskel k\u00fcsinud, et kelle jaoks m\u00f5isa ehitatakse. Ehitaja olla vastanud, et rikas m\u00f5isnik tahab endale metsa m\u00f5isa. Kui m\u00f5is 1474. aasta talvel valmis sai, kolis m\u00f5isnik oma perega sisse. M\u00f5isnik olla nii rikas, et temal on veel mitmes kohas m\u00f5isasid olnud. K\u00fclaelanikud imestanud, et kust kogu v\u00f5im ja raha tulnud, aga sellest midagi edasi ei j\u00f5utud. Nii j\u00e4igi asi saladusse. 1475. aasta alguses andis m\u00f5isnik k\u00f5igile uhkelt teada, et on ametlikult sisse kolinud. Algul arvati, et m\u00f5isnik lahke on ja talle pakuti k\u00fclavanema kohta, m\u00f5isnik oli sellega v\u00e4ga rahul ja v\u00f5ttis t\u00f6\u00f6 vastu. Varsti aga hakati aru saama, et m\u00f5isnik veidi imelik on.<\/p>\n<p>Kui m\u00f5isnik sai teada k\u00fcla nime, ei meeldinud see talle \u00fcldse. Ta l\u00e4ks \u00fche k\u00fclaelaniku p\u00f5llule ja v\u00f5ttis viljap\u00e4id, et kutsuda enda tulutooja. M\u00f5isniku tulutooja ei olnud mitte tavaline. Tema oma mitte ei toonud vilja\u00f5nne vaid andis n\u00f5u. Tulutooja tuli, aga talle ei meeldinud k\u00fclaelanikud \u00fcldse. Kuna m\u00f5isnik oskas v\u00e4ga v\u00e4he eesti keelt andis see tulutoojale hea v\u00f5imaluse, et k\u00fclaelanikele k\u00e4tte maksta. Ta soovitas m\u00f5isnikul nimekonkursi korraldada. Ise plaanis tulutooja panna kirja Kohatu k\u00fcla ja p\u00e4rast soovitada m\u00f5isnikule just seda nime. Ja m\u00f5isnik korraldaski nimekonkursi. Seni kaua kuni konkurss kestis, r\u00e4\u00e4kis tulutooja k\u00fclaelanike kohta ainult halba ja seda, mida nad m\u00f5isniku kohta r\u00e4\u00e4kisid. Kui valimisp\u00e4ev k\u00e4tte oli j\u00f5udnud, soovitas tulutooja just oma nime, aga see osutus oodatust raskemaks, sest m\u00f5isnikule meeldis nimi Kaja k\u00fcla. Tulutooja valetas, et Kohatu t\u00e4hendab midagi v\u00e4ga ilusat. Kuna m\u00f5isnik \u00f5iget t\u00e4hendust ei teadnud, j\u00e4i ta uskuma. Varsti teatas m\u00f5isnik, et k\u00fcla uus nimi on Kohatu k\u00fcla. P\u00e4rast nimetati m\u00f5is Kohatu m\u00f5isaks ja m\u00f5isnik sai teada s\u00f5na \u201ekohatu\u201c t\u00e4henduse ning kolis minema.<\/p>\n<p>Sellest ajast peale pole keegi julgenud k\u00fcla nime muuta, sest k\u00f5ik kardavad, et tulutooja tuleb ja maksab neile selle eest k\u00e4tte, kuigi n\u00fc\u00fcd elavad seal teised inimesed. Aga seda, kuidas m\u00f5isnik nii rikkaks sai ja kas m\u00f5isnik sai k\u00fclaelanike peale pahaseks, ei tea siiamaani keegi.<\/p>\n<p>Grete<\/p>\n<p>&nbsp;<\/p>\n","protected":false},"excerpt":{"rendered":"<p>Kunagi ammu aastal 1470, kui Kohatu k\u00fcla<\/p>\n","protected":false},"author":17,"featured_media":3709,"parent":3640,"menu_order":990,"comment_status":"closed","ping_status":"closed","template":"gallery-template.php","meta":{"_acf_changed":false,"footnotes":""},"class_list":["post-3644","page","type-page","status-publish","has-post-thumbnail","hentry"],"acf":[],"_links":{"self":[{"href":"https:\/\/ramkool.edu.ee\/roostiku\/wp-json\/wp\/v2\/pages\/3644","targetHints":{"allow":["GET"]}}],"collection":[{"href":"https:\/\/ramkool.edu.ee\/roostiku\/wp-json\/wp\/v2\/pages"}],"about":[{"href":"https:\/\/ramkool.edu.ee\/roostiku\/wp-json\/wp\/v2\/types\/page"}],"author":[{"embeddable":true,"href":"https:\/\/ramkool.edu.ee\/roostiku\/wp-json\/wp\/v2\/users\/17"}],"replies":[{"embeddable":true,"href":"https:\/\/ramkool.edu.ee\/roostiku\/wp-json\/wp\/v2\/comments?post=3644"}],"version-history":[{"count":2,"href":"https:\/\/ramkool.edu.ee\/roostiku\/wp-json\/wp\/v2\/pages\/3644\/revisions"}],"predecessor-version":[{"id":19415,"href":"https:\/\/ramkool.edu.ee\/roostiku\/wp-json\/wp\/v2\/pages\/3644\/revisions\/19415"}],"up":[{"embeddable":true,"href":"https:\/\/ramkool.edu.ee\/roostiku\/wp-json\/wp\/v2\/pages\/3640"}],"wp:featuredmedia":[{"embeddable":true,"href":"https:\/\/ramkool.edu.ee\/roostiku\/wp-json\/wp\/v2\/media\/3709"}],"wp:attachment":[{"href":"https:\/\/ramkool.edu.ee\/roostiku\/wp-json\/wp\/v2\/media?parent=3644"}],"curies":[{"name":"wp","href":"https:\/\/api.w.org\/{rel}","templated":true}]}}