{"id":3646,"date":"2018-02-26T10:23:04","date_gmt":"2018-02-26T08:23:04","guid":{"rendered":"https:\/\/ramkool.edu.ee\/roostiku\/?page_id=3646"},"modified":"2022-11-20T21:13:52","modified_gmt":"2022-11-20T19:13:52","slug":"haldjas-saab-terveks","status":"publish","type":"page","link":"https:\/\/ramkool.edu.ee\/roostiku\/omalooming\/kirjatood-eestimaast\/haldjas-saab-terveks\/","title":{"rendered":"Haldjas saab terveks"},"content":{"rendered":"<p><span style=\"color: #000000;font-family: Calibri\">\u00dchel tavalisel p\u00e4eval Eesti k\u00fclas oli k\u00fclm talv ja kaitsehaldjas oli haige. Kaitsehaldjas on niisugune v\u00e4ike inimene, kellel on tiivad. Kui haldjas haige on, ei saa k\u00fcla korras olla ja oligi Eesti k\u00fclas kodutuid ja pr\u00fcgi igal pool. Pariisist v\u00e4ga t\u00e4htis mees pidi tulema Eestisse just sinna k\u00fclla. Kui mees pika pruuni habemega astus k\u00fclla, ta peaaegu minestas, et kui must ja kole k\u00fcla on. Oli \u00f5htu ja mees l\u00e4ks hotelli magama. Hommikul, kui mees \u00e4rka,s l\u00e4ks ta jalutusk\u00e4igule. Jalutusk\u00e4igul leidis ta koopa, ta l\u00e4ks koopa sisse ja n\u00e4gi nurgas lumepalli. Mees tahtis lume k\u00e4tte v\u00f5tta, aga siis alles sai aru, et see on midagi muud! Haldjas hakkas mehega r\u00e4\u00e4kima: ,,Olen k\u00fcla kaitsja, aga olen juba kaua haige olnud ja n\u00fc\u00fcd on k\u00fcla koledaks l\u00e4inud. Kas saaksite mind palun aidata? Mul on vaja puhast vett.&#8220; Mees m\u00f5tles natuke ja hakkas tegutsema. Mees t\u00f5i haldjale puhast vett ja haldjas ja sai kohe terveks. Haldjas l\u00e4ks kohe ja linna kodutud kadusid \u00e4ra. Kaitsja t\u00e4nas meest ja ta pani mehe auks selle k\u00fcla nimeks hoopis Pariisi k\u00fcla.<\/span><\/p>\n<p>Julia<\/p>\n<p>&nbsp;<\/p>\n","protected":false},"excerpt":{"rendered":"<p>\u00dchel tavalisel p\u00e4eval Eesti k\u00fclas oli k\u00fclm<\/p>\n","protected":false},"author":17,"featured_media":3712,"parent":3640,"menu_order":980,"comment_status":"closed","ping_status":"closed","template":"gallery-template.php","meta":{"_acf_changed":false,"footnotes":""},"class_list":["post-3646","page","type-page","status-publish","has-post-thumbnail","hentry"],"acf":[],"_links":{"self":[{"href":"https:\/\/ramkool.edu.ee\/roostiku\/wp-json\/wp\/v2\/pages\/3646","targetHints":{"allow":["GET"]}}],"collection":[{"href":"https:\/\/ramkool.edu.ee\/roostiku\/wp-json\/wp\/v2\/pages"}],"about":[{"href":"https:\/\/ramkool.edu.ee\/roostiku\/wp-json\/wp\/v2\/types\/page"}],"author":[{"embeddable":true,"href":"https:\/\/ramkool.edu.ee\/roostiku\/wp-json\/wp\/v2\/users\/17"}],"replies":[{"embeddable":true,"href":"https:\/\/ramkool.edu.ee\/roostiku\/wp-json\/wp\/v2\/comments?post=3646"}],"version-history":[{"count":4,"href":"https:\/\/ramkool.edu.ee\/roostiku\/wp-json\/wp\/v2\/pages\/3646\/revisions"}],"predecessor-version":[{"id":19414,"href":"https:\/\/ramkool.edu.ee\/roostiku\/wp-json\/wp\/v2\/pages\/3646\/revisions\/19414"}],"up":[{"embeddable":true,"href":"https:\/\/ramkool.edu.ee\/roostiku\/wp-json\/wp\/v2\/pages\/3640"}],"wp:featuredmedia":[{"embeddable":true,"href":"https:\/\/ramkool.edu.ee\/roostiku\/wp-json\/wp\/v2\/media\/3712"}],"wp:attachment":[{"href":"https:\/\/ramkool.edu.ee\/roostiku\/wp-json\/wp\/v2\/media?parent=3646"}],"curies":[{"name":"wp","href":"https:\/\/api.w.org\/{rel}","templated":true}]}}