{"id":3649,"date":"2018-02-26T10:25:52","date_gmt":"2018-02-26T08:25:52","guid":{"rendered":"https:\/\/ramkool.edu.ee\/roostiku\/?page_id=3649"},"modified":"2022-11-20T21:13:22","modified_gmt":"2022-11-20T19:13:22","slug":"tallinn-ja-kalevipoeg","status":"publish","type":"page","link":"https:\/\/ramkool.edu.ee\/roostiku\/omalooming\/kirjatood-eestimaast\/tallinn-ja-kalevipoeg\/","title":{"rendered":"Tallinn ja Kalevipoeg"},"content":{"rendered":"<p>Enne seda, kui Tallinna linn hakkas muutuma modernsemaks, olid seal ainult talud ja tallid. Parajasti oli suvi, kui selle koha elanikud otsustasid, et nemad tahavad endale mitte talusid, vaid modernseid maju, aga selleks, et neid ehitada, oli neil vaja appi kutsuda Kalevipoeg, kes aitaks neil nende uusi maju ehitada. Alguses ei olnud Kalevipoeg nende aitamisega n\u00f5us, sest et talle meeldisid v\u00e4ga tallid ja ta ei tahtnud neid \u00e4ra lammutada ning nende asemele midagi uut ehitada. Aga kui Kalevipoeg oli natuke selle \u00fcle m\u00f5elnud, oli ta n\u00f5us ehitama neile uusi maju ainult siis, kui selle koha nimeks pannakse nende tallide m\u00e4lestuseks Tallinn. Linna elanikud n\u00f5ustusid sellega ning Kalevipoeg aitas ehitada neile uued majad. P\u00e4rast majade valmimist olid nii Tallinna elanikud, kui ka Kalevipoeg oma leppega rahul ja \u00f5nnelikud. Uued asjad v\u00f5i ehitised v\u00f5ivad olla ju suuremad ja paremad, aga vanemate asjadega v\u00f5i kohtadega on l\u00e4bi elatud palju toredaid m\u00e4lestusi ja tehtud palju toredaid asju.<\/p>\n<p>Kristjan<\/p>\n","protected":false},"excerpt":{"rendered":"<p>Enne seda, kui Tallinna linn hakkas muutuma<\/p>\n","protected":false},"author":17,"featured_media":3706,"parent":3640,"menu_order":970,"comment_status":"closed","ping_status":"closed","template":"gallery-template.php","meta":{"_acf_changed":false,"footnotes":""},"class_list":["post-3649","page","type-page","status-publish","has-post-thumbnail","hentry"],"acf":[],"_links":{"self":[{"href":"https:\/\/ramkool.edu.ee\/roostiku\/wp-json\/wp\/v2\/pages\/3649","targetHints":{"allow":["GET"]}}],"collection":[{"href":"https:\/\/ramkool.edu.ee\/roostiku\/wp-json\/wp\/v2\/pages"}],"about":[{"href":"https:\/\/ramkool.edu.ee\/roostiku\/wp-json\/wp\/v2\/types\/page"}],"author":[{"embeddable":true,"href":"https:\/\/ramkool.edu.ee\/roostiku\/wp-json\/wp\/v2\/users\/17"}],"replies":[{"embeddable":true,"href":"https:\/\/ramkool.edu.ee\/roostiku\/wp-json\/wp\/v2\/comments?post=3649"}],"version-history":[{"count":2,"href":"https:\/\/ramkool.edu.ee\/roostiku\/wp-json\/wp\/v2\/pages\/3649\/revisions"}],"predecessor-version":[{"id":19413,"href":"https:\/\/ramkool.edu.ee\/roostiku\/wp-json\/wp\/v2\/pages\/3649\/revisions\/19413"}],"up":[{"embeddable":true,"href":"https:\/\/ramkool.edu.ee\/roostiku\/wp-json\/wp\/v2\/pages\/3640"}],"wp:featuredmedia":[{"embeddable":true,"href":"https:\/\/ramkool.edu.ee\/roostiku\/wp-json\/wp\/v2\/media\/3706"}],"wp:attachment":[{"href":"https:\/\/ramkool.edu.ee\/roostiku\/wp-json\/wp\/v2\/media?parent=3649"}],"curies":[{"name":"wp","href":"https:\/\/api.w.org\/{rel}","templated":true}]}}