{"id":3660,"date":"2018-02-26T10:39:40","date_gmt":"2018-02-26T08:39:40","guid":{"rendered":"https:\/\/ramkool.edu.ee\/roostiku\/?page_id=3660"},"modified":"2022-11-20T21:08:38","modified_gmt":"2022-11-20T19:08:38","slug":"kallikula-nakineid","status":"publish","type":"page","link":"https:\/\/ramkool.edu.ee\/roostiku\/omalooming\/kirjatood-eestimaast\/kallikula-nakineid\/","title":{"rendered":"Kallik\u00fcla N\u00e4kineid"},"content":{"rendered":"<p><span style=\"color: #000000;font-family: Calibri\">Kunagi ennemuistsel ajal elanud \u00fches Saaremaa k\u00fclas inimesed , kes omavahel \u00fcldse l\u00e4bi ei saanud. Nimelt olid k\u00f5ik selle k\u00fcla lapsed poisid, kes omavahel tihti kakelnud. S\u00fcndinud sinna k\u00fclla ka \u00fcks t\u00e4druk, keda poisid omaks ei v\u00f5tnud ning teda hoopiski n\u00e4kineiuks pidanud.<\/span><\/p>\n<p><span style=\"color: #000000;font-family: Calibri\">Juhtunud \u00fchel jaani\u00f6\u00f6l selline lugu, et \u00fcks k\u00fclapoiss j\u00f5e \u00e4\u00e4res n\u00e4kineidu n\u00e4inud. Kaunis pikajuukseline n\u00e4kk teda vette kutsunud. Poiss aga viimasel hetkel kurjast aru saanud ning p\u00f5genema p\u00e4\u00e4senud. Poiss k\u00fcla poole joostes \u00e4kki taibanud, et nende k\u00fcla t\u00fcdruk pole mingi paha n\u00e4kineid, vaid kena armas k\u00fclaneid. Poiss otsejoones k\u00fcla ainsa t\u00fcdruku juurde jooksnud ning teda kallistanud. Poiss oma loo k\u00fclale \u00e4ra r\u00e4\u00e4kinud ja k\u00fcla teda uskuma j\u00e4\u00e4nud.<\/span><\/p>\n<p><span style=\"color: #000000;font-family: Calibri\">Sellest ajast p\u00e4\u00e4le k\u00f5ik k\u00fclaelanikud kallistama hakanud ja k\u00fcla nimeks Kallik\u00fcla saanud.<\/span><\/p>\n<p>Patricia<\/p>\n<p>&nbsp;<\/p>\n","protected":false},"excerpt":{"rendered":"<p>Kunagi ennemuistsel ajal elanud \u00fches Saaremaa k\u00fclas<\/p>\n","protected":false},"author":17,"featured_media":3712,"parent":3640,"menu_order":920,"comment_status":"closed","ping_status":"closed","template":"gallery-template.php","meta":{"_acf_changed":false,"footnotes":""},"class_list":["post-3660","page","type-page","status-publish","has-post-thumbnail","hentry"],"acf":[],"_links":{"self":[{"href":"https:\/\/ramkool.edu.ee\/roostiku\/wp-json\/wp\/v2\/pages\/3660","targetHints":{"allow":["GET"]}}],"collection":[{"href":"https:\/\/ramkool.edu.ee\/roostiku\/wp-json\/wp\/v2\/pages"}],"about":[{"href":"https:\/\/ramkool.edu.ee\/roostiku\/wp-json\/wp\/v2\/types\/page"}],"author":[{"embeddable":true,"href":"https:\/\/ramkool.edu.ee\/roostiku\/wp-json\/wp\/v2\/users\/17"}],"replies":[{"embeddable":true,"href":"https:\/\/ramkool.edu.ee\/roostiku\/wp-json\/wp\/v2\/comments?post=3660"}],"version-history":[{"count":2,"href":"https:\/\/ramkool.edu.ee\/roostiku\/wp-json\/wp\/v2\/pages\/3660\/revisions"}],"predecessor-version":[{"id":19408,"href":"https:\/\/ramkool.edu.ee\/roostiku\/wp-json\/wp\/v2\/pages\/3660\/revisions\/19408"}],"up":[{"embeddable":true,"href":"https:\/\/ramkool.edu.ee\/roostiku\/wp-json\/wp\/v2\/pages\/3640"}],"wp:featuredmedia":[{"embeddable":true,"href":"https:\/\/ramkool.edu.ee\/roostiku\/wp-json\/wp\/v2\/media\/3712"}],"wp:attachment":[{"href":"https:\/\/ramkool.edu.ee\/roostiku\/wp-json\/wp\/v2\/media?parent=3660"}],"curies":[{"name":"wp","href":"https:\/\/api.w.org\/{rel}","templated":true}]}}