{"id":3662,"date":"2018-02-26T10:42:56","date_gmt":"2018-02-26T08:42:56","guid":{"rendered":"https:\/\/ramkool.edu.ee\/roostiku\/?page_id=3662"},"modified":"2022-11-20T21:07:54","modified_gmt":"2022-11-20T19:07:54","slug":"suure-jaani","status":"publish","type":"page","link":"https:\/\/ramkool.edu.ee\/roostiku\/omalooming\/kirjatood-eestimaast\/suure-jaani\/","title":{"rendered":"Suure-Jaani"},"content":{"rendered":"<p><span style=\"line-height: 107%;font-family: 'Times New Roman',serif;font-size: 14pt\"><span style=\"color: #000000\">Kunagi ammu aega tagasi kusagil Kesk-Eestis \u00fches nimetus linnas elasid kaks meest, kes omavahel ei saanud \u00fcldse l\u00e4bi. Nad vaidlesid k\u00f5ige \u00fcle: kelle kana muneb rohkem, kelle hobusel on rohkem rammu v\u00f5i kelle taluhoovist n\u00e4eb kaugemale. \u00dche mehe nimi oli Jaan, kes oli h\u00e4sti n\u00f5rk, v\u00e4ike, tark ja pisut k\u00fc\u00fcrus. Teise mehe nimi oli Ants, kes oli h\u00e4sti suur, tugev ning k\u00fclarahvas vaatas teda alati hirmunud pilgul, kui Ants kuskil k\u00f5vah\u00e4\u00e4lselt midagi seletas. \u00dchel p\u00e4eval tekkis neil riid, kuna nad ei teadnud kumbki, kuidas seda kohta kutsutakse, kus nad elavad. Riid l\u00e4ks iga p\u00e4evaga aina t\u00f5sisemaks. Ants oleks tahtnud lahendada riiu j\u00f5u n\u00e4itamisega ja nii hakkas ta p\u00f5ldudelt suuri kive keset k\u00fcla kuhjama. Jaan koos tugevate meestegaa oli samal ajal seal, kuhu Ants neid kive kuhjas ja lasi tugevatel meestel need \u00fcmber paigutada nii, et sellest tekkis k\u00f5rge hoone, mida hakati kutsuma kirikuks. Elanikele see v\u00e4ga meeldis, et neil oli koht, kus neil oli v\u00f5imalik p\u00f6\u00f6rduda taevase v\u00e4e poole. L\u00f5puks hakkasid elanikud seda kohta kutsuma Suure-Jaaniks, kuna suur Ants ja v\u00e4ike Jaan tegid koos nii head t\u00f6\u00f6d, kasutades m\u00f5istust ja rammu.<\/span><\/span><\/p>\n<p>Rasmus<\/p>\n<p>&nbsp;<\/p>\n","protected":false},"excerpt":{"rendered":"<p>Kunagi ammu aega tagasi kusagil Kesk-Eestis \u00fches<\/p>\n","protected":false},"author":17,"featured_media":3705,"parent":3640,"menu_order":910,"comment_status":"closed","ping_status":"closed","template":"gallery-template.php","meta":{"_acf_changed":false,"footnotes":""},"class_list":["post-3662","page","type-page","status-publish","has-post-thumbnail","hentry"],"acf":[],"_links":{"self":[{"href":"https:\/\/ramkool.edu.ee\/roostiku\/wp-json\/wp\/v2\/pages\/3662","targetHints":{"allow":["GET"]}}],"collection":[{"href":"https:\/\/ramkool.edu.ee\/roostiku\/wp-json\/wp\/v2\/pages"}],"about":[{"href":"https:\/\/ramkool.edu.ee\/roostiku\/wp-json\/wp\/v2\/types\/page"}],"author":[{"embeddable":true,"href":"https:\/\/ramkool.edu.ee\/roostiku\/wp-json\/wp\/v2\/users\/17"}],"replies":[{"embeddable":true,"href":"https:\/\/ramkool.edu.ee\/roostiku\/wp-json\/wp\/v2\/comments?post=3662"}],"version-history":[{"count":4,"href":"https:\/\/ramkool.edu.ee\/roostiku\/wp-json\/wp\/v2\/pages\/3662\/revisions"}],"predecessor-version":[{"id":19407,"href":"https:\/\/ramkool.edu.ee\/roostiku\/wp-json\/wp\/v2\/pages\/3662\/revisions\/19407"}],"up":[{"embeddable":true,"href":"https:\/\/ramkool.edu.ee\/roostiku\/wp-json\/wp\/v2\/pages\/3640"}],"wp:featuredmedia":[{"embeddable":true,"href":"https:\/\/ramkool.edu.ee\/roostiku\/wp-json\/wp\/v2\/media\/3705"}],"wp:attachment":[{"href":"https:\/\/ramkool.edu.ee\/roostiku\/wp-json\/wp\/v2\/media?parent=3662"}],"curies":[{"name":"wp","href":"https:\/\/api.w.org\/{rel}","templated":true}]}}