{"id":3664,"date":"2018-02-26T10:45:49","date_gmt":"2018-02-26T08:45:49","guid":{"rendered":"https:\/\/ramkool.edu.ee\/roostiku\/?page_id=3664"},"modified":"2022-11-20T21:07:16","modified_gmt":"2022-11-20T19:07:16","slug":"ulenurme","status":"publish","type":"page","link":"https:\/\/ramkool.edu.ee\/roostiku\/omalooming\/kirjatood-eestimaast\/ulenurme\/","title":{"rendered":"\u00dclenurme"},"content":{"rendered":"<p>Aastal 1230 oli \u00fcks t\u00fcdruk. Ta tahtis aeda istutada nurmenukud, aga aias j\u00e4i ruumi\u00a0v\u00e4heks, kuna ema kasvuhoone oli p\u00e4ris suur. Aiast v\u00e4ljaspool olid ema teised lilled. Tal tuli meelde, et ta kodu l\u00e4hedal on suuremat sorti k\u00fcngas. Ta hankis nurmenukkude seemned ja istutas need k\u00fcnkale. Selle k\u00fcnka juures elas libahunt, kes k\u00e4is iga \u00f6\u00f6 seal k\u00fcnkal lilli vaatamas. \u00dchel \u00f6\u00f6l tuli hunt ja n\u00e4gi leivat\u00fckki. Ta s\u00f5i selle \u00e4ra. Kahjuks ei m\u00e4rganud hunt seda, et leivat\u00fckk oli murtud noa otsa peal. Selleks, et hundist saaks inimene, peab hunt leiba s\u00f6\u00f6ma, aga leiba peab andma mingi terasest asja otsas. Hunt j\u00e4i keset lilleplatsi magama. Kui hommikul tuli see t\u00fcdruk, siis n\u00e4gi ta seal, et inimene oli pooleldi hundi kehaga. Ta sai aru, et tegu oli libahundiga. Kui libahunt \u00e4rkas, siis saadi kokkuleppele, et hunt ei j\u00e4\u00e4 magama kohta, kus inimesed teda n\u00e4ha v\u00f5ivad ja t\u00fcdruk pole midagi n\u00e4inud. M\u00f5nik\u00fcmmend aastat hiljem tehti k\u00fclake k\u00fcnka taha. K\u00fclale nimi pandi k\u00fcnka j\u00e4rgi. K\u00fcla nimeks sai \u00dclenurme, kuna seal oli k\u00fcngas, mis oli nurmenukkudega kaetud. Libahunt hulkus seal nii kaua, kuni ta elu lubas.<\/p>\n<p>Tristan<\/p>\n","protected":false},"excerpt":{"rendered":"<p>Aastal 1230 oli \u00fcks t\u00fcdruk. Ta tahtis<\/p>\n","protected":false},"author":17,"featured_media":3709,"parent":3640,"menu_order":900,"comment_status":"closed","ping_status":"closed","template":"gallery-template.php","meta":{"_acf_changed":false,"footnotes":""},"class_list":["post-3664","page","type-page","status-publish","has-post-thumbnail","hentry"],"acf":[],"_links":{"self":[{"href":"https:\/\/ramkool.edu.ee\/roostiku\/wp-json\/wp\/v2\/pages\/3664","targetHints":{"allow":["GET"]}}],"collection":[{"href":"https:\/\/ramkool.edu.ee\/roostiku\/wp-json\/wp\/v2\/pages"}],"about":[{"href":"https:\/\/ramkool.edu.ee\/roostiku\/wp-json\/wp\/v2\/types\/page"}],"author":[{"embeddable":true,"href":"https:\/\/ramkool.edu.ee\/roostiku\/wp-json\/wp\/v2\/users\/17"}],"replies":[{"embeddable":true,"href":"https:\/\/ramkool.edu.ee\/roostiku\/wp-json\/wp\/v2\/comments?post=3664"}],"version-history":[{"count":3,"href":"https:\/\/ramkool.edu.ee\/roostiku\/wp-json\/wp\/v2\/pages\/3664\/revisions"}],"predecessor-version":[{"id":19406,"href":"https:\/\/ramkool.edu.ee\/roostiku\/wp-json\/wp\/v2\/pages\/3664\/revisions\/19406"}],"up":[{"embeddable":true,"href":"https:\/\/ramkool.edu.ee\/roostiku\/wp-json\/wp\/v2\/pages\/3640"}],"wp:featuredmedia":[{"embeddable":true,"href":"https:\/\/ramkool.edu.ee\/roostiku\/wp-json\/wp\/v2\/media\/3709"}],"wp:attachment":[{"href":"https:\/\/ramkool.edu.ee\/roostiku\/wp-json\/wp\/v2\/media?parent=3664"}],"curies":[{"name":"wp","href":"https:\/\/api.w.org\/{rel}","templated":true}]}}