{"id":3691,"date":"2018-02-26T11:25:27","date_gmt":"2018-02-26T09:25:27","guid":{"rendered":"https:\/\/ramkool.edu.ee\/roostiku\/?page_id=3691"},"modified":"2018-02-26T11:26:35","modified_gmt":"2018-02-26T09:26:35","slug":"koned-eesti-sunnipaevaks","status":"publish","type":"page","link":"https:\/\/ramkool.edu.ee\/roostiku\/omalooming\/koned-eesti-sunnipaevaks\/","title":{"rendered":"K\u00f5ned Eesti s\u00fcnnip\u00e4evaks"},"content":{"rendered":"<p>4. talve lapsed uurisid, kuidas kirjutada k\u00f5net ja katsetasid Eestimaale m\u00f5eldes ka ise k\u00f5ne kirjutamist.<\/p>\n","protected":false},"excerpt":{"rendered":"<p>4. talve lapsed uurisid, kuidas kirjutada k\u00f5net<\/p>\n","protected":false},"author":17,"featured_media":3607,"parent":2754,"menu_order":950,"comment_status":"closed","ping_status":"closed","template":"gallery-template.php","meta":{"_acf_changed":false,"footnotes":""},"class_list":["post-3691","page","type-page","status-publish","has-post-thumbnail","hentry"],"acf":[],"_links":{"self":[{"href":"https:\/\/ramkool.edu.ee\/roostiku\/wp-json\/wp\/v2\/pages\/3691","targetHints":{"allow":["GET"]}}],"collection":[{"href":"https:\/\/ramkool.edu.ee\/roostiku\/wp-json\/wp\/v2\/pages"}],"about":[{"href":"https:\/\/ramkool.edu.ee\/roostiku\/wp-json\/wp\/v2\/types\/page"}],"author":[{"embeddable":true,"href":"https:\/\/ramkool.edu.ee\/roostiku\/wp-json\/wp\/v2\/users\/17"}],"replies":[{"embeddable":true,"href":"https:\/\/ramkool.edu.ee\/roostiku\/wp-json\/wp\/v2\/comments?post=3691"}],"version-history":[{"count":1,"href":"https:\/\/ramkool.edu.ee\/roostiku\/wp-json\/wp\/v2\/pages\/3691\/revisions"}],"predecessor-version":[{"id":3692,"href":"https:\/\/ramkool.edu.ee\/roostiku\/wp-json\/wp\/v2\/pages\/3691\/revisions\/3692"}],"up":[{"embeddable":true,"href":"https:\/\/ramkool.edu.ee\/roostiku\/wp-json\/wp\/v2\/pages\/2754"}],"wp:featuredmedia":[{"embeddable":true,"href":"https:\/\/ramkool.edu.ee\/roostiku\/wp-json\/wp\/v2\/media\/3607"}],"wp:attachment":[{"href":"https:\/\/ramkool.edu.ee\/roostiku\/wp-json\/wp\/v2\/media?parent=3691"}],"curies":[{"name":"wp","href":"https:\/\/api.w.org\/{rel}","templated":true}]}}