{"id":3696,"date":"2018-02-26T11:33:32","date_gmt":"2018-02-26T09:33:32","guid":{"rendered":"https:\/\/ramkool.edu.ee\/roostiku\/?page_id=3696"},"modified":"2021-02-03T14:47:14","modified_gmt":"2021-02-03T12:47:14","slug":"palju-onne-sunnipaevaks-minu-eesti-2","status":"publish","type":"page","link":"https:\/\/ramkool.edu.ee\/roostiku\/omalooming\/koned-eesti-sunnipaevaks\/palju-onne-sunnipaevaks-minu-eesti-2\/","title":{"rendered":"Palju \u00f5nne s\u00fcnnip\u00e4evaks, minu Eesti!"},"content":{"rendered":"<p><strong>Head kohalviibijad! Me oleme kogunenud siia, et t\u00e4histada Eesti Vabariigi sajandat s\u00fcnnip\u00e4eva. Mul on hea meel teid k\u00f5iki siin n\u00e4ha. M\u00f5elge, et Eesti saab juba saja aastaseks! Saja-aastane kodumaa \u2013 kas ei k\u00f5la uhkelt? M\u00f5elge, kuidas meil veab, et meie riik on vaba. <\/strong><\/p>\n<p><strong>Meie lipp. Kas teate mida t\u00e4hendavad v\u00e4rvid meie kodumaa lipul?<\/strong><\/p>\n<p>Sinine t\u00e4hendab Eestimaa taeva, j\u00e4rvede ja mere peegeldust, t\u00f5e ning rahvuslikele aadetele ustavuse s\u00fcmbol. Must t\u00e4hendab kodumaa mulla ja rahvuskuue v\u00e4rvi ning valge t\u00e4hendab rahva p\u00fc\u00fcdu \u00f5nne ja valguse poole.<\/p>\n<p>Ja m\u00f5telge, kuidas meil veab, et meil on neli aastaaega! Talv, kevad, suvi ja s\u00fcgis. Talvel on meil lumi maas ning j\u00e4rved on \u00e4ra j\u00e4\u00e4tunud. Kevadel hakkab k\u00f5ik j\u00e4lle ellu \u00e4rkama. Suvel paistab p\u00e4ike ja on soe. Ning s\u00fcgisel saavad k\u00f5ik viljad valmis ning lehed hakkavad puudelt langema.<\/p>\n<p>Meid k\u00f5iki seob see, et me oleme eestlased ja me oleme k\u00f5ik \u00fcks pere.<\/p>\n<p>Ja meie Eesti kodanikud on moodustanud \u00fchiskonna ning millest on tekkinud Eesti riik.<\/p>\n<p>Eesti on meile v\u00e4ga t\u00e4htis. Palun soovige Eestile \u00fcks hea soov tema sajanda s\u00fcnnip\u00e4eva puhul.<\/p>\n<p>Palju \u00f5nne s\u00fcnnip\u00e4evaks Eesti!<\/p>\n<p>Bertha\u00a0\u00a0&amp; Steivi<\/p>\n","protected":false},"excerpt":{"rendered":"<p>Head kohalviibijad! Me oleme kogunenud siia, et<\/p>\n","protected":false},"author":17,"featured_media":3607,"parent":3691,"menu_order":980,"comment_status":"closed","ping_status":"closed","template":"gallery-template.php","meta":{"_acf_changed":false,"footnotes":""},"class_list":["post-3696","page","type-page","status-publish","has-post-thumbnail","hentry"],"acf":[],"_links":{"self":[{"href":"https:\/\/ramkool.edu.ee\/roostiku\/wp-json\/wp\/v2\/pages\/3696","targetHints":{"allow":["GET"]}}],"collection":[{"href":"https:\/\/ramkool.edu.ee\/roostiku\/wp-json\/wp\/v2\/pages"}],"about":[{"href":"https:\/\/ramkool.edu.ee\/roostiku\/wp-json\/wp\/v2\/types\/page"}],"author":[{"embeddable":true,"href":"https:\/\/ramkool.edu.ee\/roostiku\/wp-json\/wp\/v2\/users\/17"}],"replies":[{"embeddable":true,"href":"https:\/\/ramkool.edu.ee\/roostiku\/wp-json\/wp\/v2\/comments?post=3696"}],"version-history":[{"count":2,"href":"https:\/\/ramkool.edu.ee\/roostiku\/wp-json\/wp\/v2\/pages\/3696\/revisions"}],"predecessor-version":[{"id":14186,"href":"https:\/\/ramkool.edu.ee\/roostiku\/wp-json\/wp\/v2\/pages\/3696\/revisions\/14186"}],"up":[{"embeddable":true,"href":"https:\/\/ramkool.edu.ee\/roostiku\/wp-json\/wp\/v2\/pages\/3691"}],"wp:featuredmedia":[{"embeddable":true,"href":"https:\/\/ramkool.edu.ee\/roostiku\/wp-json\/wp\/v2\/media\/3607"}],"wp:attachment":[{"href":"https:\/\/ramkool.edu.ee\/roostiku\/wp-json\/wp\/v2\/media?parent=3696"}],"curies":[{"name":"wp","href":"https:\/\/api.w.org\/{rel}","templated":true}]}}