{"id":3721,"date":"2018-02-26T12:41:58","date_gmt":"2018-02-26T10:41:58","guid":{"rendered":"https:\/\/ramkool.edu.ee\/roostiku\/?page_id=3721"},"modified":"2018-02-26T14:16:32","modified_gmt":"2018-02-26T12:16:32","slug":"3-perioodi-tegemised","status":"publish","type":"page","link":"https:\/\/ramkool.edu.ee\/roostiku\/pildialbum\/2017-18\/3-perioodi-tegemised\/","title":{"rendered":"3. perioodi tegemised"},"content":{"rendered":"<p>Pildikesi meie tegemistest: esimese talve laste poem\u00e4ng, koostegutsemine Eestimaa s\u00fcmboleid uurides, kirjandusklubides vahetasime m\u00f5tteid loetud raamatute \u00fcle ja limpsisime teed, s\u00f6\u00f6gipausi ajal r\u00f5\u00f5mustas \u00f5ues lumi, milles jalkat taguda, kulli ja lumes\u00f5da m\u00e4ngida, kindluseid ehitada.<\/p>\n","protected":false},"excerpt":{"rendered":"<p>Pildikesi meie tegemistest: esimese talve laste poem\u00e4ng,<\/p>\n","protected":false},"author":17,"featured_media":3800,"parent":1521,"menu_order":710,"comment_status":"closed","ping_status":"closed","template":"gallery-template.php","meta":{"_acf_changed":false,"footnotes":""},"class_list":["post-3721","page","type-page","status-publish","has-post-thumbnail","hentry"],"acf":[],"_links":{"self":[{"href":"https:\/\/ramkool.edu.ee\/roostiku\/wp-json\/wp\/v2\/pages\/3721","targetHints":{"allow":["GET"]}}],"collection":[{"href":"https:\/\/ramkool.edu.ee\/roostiku\/wp-json\/wp\/v2\/pages"}],"about":[{"href":"https:\/\/ramkool.edu.ee\/roostiku\/wp-json\/wp\/v2\/types\/page"}],"author":[{"embeddable":true,"href":"https:\/\/ramkool.edu.ee\/roostiku\/wp-json\/wp\/v2\/users\/17"}],"replies":[{"embeddable":true,"href":"https:\/\/ramkool.edu.ee\/roostiku\/wp-json\/wp\/v2\/comments?post=3721"}],"version-history":[{"count":4,"href":"https:\/\/ramkool.edu.ee\/roostiku\/wp-json\/wp\/v2\/pages\/3721\/revisions"}],"predecessor-version":[{"id":3834,"href":"https:\/\/ramkool.edu.ee\/roostiku\/wp-json\/wp\/v2\/pages\/3721\/revisions\/3834"}],"up":[{"embeddable":true,"href":"https:\/\/ramkool.edu.ee\/roostiku\/wp-json\/wp\/v2\/pages\/1521"}],"wp:featuredmedia":[{"embeddable":true,"href":"https:\/\/ramkool.edu.ee\/roostiku\/wp-json\/wp\/v2\/media\/3800"}],"wp:attachment":[{"href":"https:\/\/ramkool.edu.ee\/roostiku\/wp-json\/wp\/v2\/media?parent=3721"}],"curies":[{"name":"wp","href":"https:\/\/api.w.org\/{rel}","templated":true}]}}