{"id":3836,"date":"2018-02-26T20:14:27","date_gmt":"2018-02-26T18:14:27","guid":{"rendered":"https:\/\/ramkool.edu.ee\/roostiku\/?page_id=3836"},"modified":"2018-02-26T20:24:00","modified_gmt":"2018-02-26T18:24:00","slug":"meie-aja-kangelased","status":"publish","type":"page","link":"https:\/\/ramkool.edu.ee\/roostiku\/omalooming\/meie-aja-kangelased\/","title":{"rendered":"Meie aja kangelane"},"content":{"rendered":"<p align=\"justify\"><span style=\"font-size: large\">Mitusada aastat tagasi olid kangelased suured, tugevad ja targad ning aitasid inimesi, kui neil oli t\u00f5sine probleem. T\u00e4nap\u00e4eval v\u00f5iks kangelane olla teistsugune.<\/span><\/p>\n<p align=\"justify\"><span style=\"font-size: large\">N\u00e4iteks<\/span><\/p>\n<p align=\"justify\"><span style=\"font-size: large\">Meie aja kangelane v\u00f5iks olla meie m\u00f5tetes ning tuleks appi meile, kui meil t\u00f5siselt abi vaja on ja aitaks meid kodut\u00f6\u00f6des. Ta v\u00f5iks olla selline, millisena sa teda endale ette kujutad ning samuti ka v\u00e4ga, v\u00e4ga s\u00f5bralik.<\/span><\/p>\n<p align=\"justify\"><span style=\"font-size: large\">Minu kangelane v\u00f5iks olla kiire kui v\u00e4lk, aga samas tark kui Tartu \u00fclikool. Ta v\u00f5iks olla armsam kui koer, toredam kui mu treener ja parem kui Ganna Rizantinova (ta on iluv\u00f5imleja ning ol\u00fcmpial saavutanud pronksmedali). Kui mul trennis midagi v\u00e4lja ei tuleks, saaks ta mind kohe aidata ja ma saaks selle asja selgeks. Sama asi oleks minu kodut\u00f6\u00f6dega. Kui ma millestki aru ei saaks, tuleks ta minu m\u00f5ttej\u00f5ul mulle appi.<\/span><\/p>\n<p align=\"justify\"><span style=\"font-size: large\">Igatahes mulle meeldiks kui iga inimene oleks enda kangelase \u00fcle uhke, kui sa m\u00f5tled endale kedagi appi, siis v\u00f5ib ta sulle appi tulla. Sa pead ainult sellesse uskuma.<\/span><\/p>\n","protected":false},"excerpt":{"rendered":"<p>Mitusada aastat tagasi olid kangelased suured, tugevad<\/p>\n","protected":false},"author":17,"featured_media":3841,"parent":2754,"menu_order":940,"comment_status":"closed","ping_status":"closed","template":"gallery-template.php","meta":{"_acf_changed":false,"footnotes":""},"class_list":["post-3836","page","type-page","status-publish","has-post-thumbnail","hentry"],"acf":[],"_links":{"self":[{"href":"https:\/\/ramkool.edu.ee\/roostiku\/wp-json\/wp\/v2\/pages\/3836","targetHints":{"allow":["GET"]}}],"collection":[{"href":"https:\/\/ramkool.edu.ee\/roostiku\/wp-json\/wp\/v2\/pages"}],"about":[{"href":"https:\/\/ramkool.edu.ee\/roostiku\/wp-json\/wp\/v2\/types\/page"}],"author":[{"embeddable":true,"href":"https:\/\/ramkool.edu.ee\/roostiku\/wp-json\/wp\/v2\/users\/17"}],"replies":[{"embeddable":true,"href":"https:\/\/ramkool.edu.ee\/roostiku\/wp-json\/wp\/v2\/comments?post=3836"}],"version-history":[{"count":5,"href":"https:\/\/ramkool.edu.ee\/roostiku\/wp-json\/wp\/v2\/pages\/3836\/revisions"}],"predecessor-version":[{"id":3847,"href":"https:\/\/ramkool.edu.ee\/roostiku\/wp-json\/wp\/v2\/pages\/3836\/revisions\/3847"}],"up":[{"embeddable":true,"href":"https:\/\/ramkool.edu.ee\/roostiku\/wp-json\/wp\/v2\/pages\/2754"}],"wp:featuredmedia":[{"embeddable":true,"href":"https:\/\/ramkool.edu.ee\/roostiku\/wp-json\/wp\/v2\/media\/3841"}],"wp:attachment":[{"href":"https:\/\/ramkool.edu.ee\/roostiku\/wp-json\/wp\/v2\/media?parent=3836"}],"curies":[{"name":"wp","href":"https:\/\/api.w.org\/{rel}","templated":true}]}}