{"id":3892,"date":"2018-03-11T13:14:47","date_gmt":"2018-03-11T11:14:47","guid":{"rendered":"https:\/\/ramkool.edu.ee\/roostiku\/?page_id=3892"},"modified":"2018-03-11T20:23:18","modified_gmt":"2018-03-11T18:23:18","slug":"suusapaev-valgehobusemael","status":"publish","type":"page","link":"https:\/\/ramkool.edu.ee\/roostiku\/pildialbum\/2017-18\/suusapaev-valgehobusemael\/","title":{"rendered":"Suusap\u00e4ev Valgehobusem\u00e4el"},"content":{"rendered":"<p>Reedel, 9. m\u00e4rtsil tegutsesime \u00f5ues ja lumel. K\u00e4isime suusap\u00e4eval Valgehobusem\u00e4el. Proovisime murdmaad, vuhisesime suuskade, laua v\u00f5i tuubidega m\u00e4est alla. Oli meeleolukas ja sportlik p\u00e4ev. Ait\u00e4h, \u00f5petaja Ingrid!<\/p>\n","protected":false},"excerpt":{"rendered":"<p>Reedel, 9. m\u00e4rtsil tegutsesime \u00f5ues ja lumel.<\/p>\n","protected":false},"author":17,"featured_media":3938,"parent":1521,"menu_order":700,"comment_status":"closed","ping_status":"closed","template":"gallery-template.php","meta":{"_acf_changed":false,"footnotes":""},"class_list":["post-3892","page","type-page","status-publish","has-post-thumbnail","hentry"],"acf":[],"_links":{"self":[{"href":"https:\/\/ramkool.edu.ee\/roostiku\/wp-json\/wp\/v2\/pages\/3892","targetHints":{"allow":["GET"]}}],"collection":[{"href":"https:\/\/ramkool.edu.ee\/roostiku\/wp-json\/wp\/v2\/pages"}],"about":[{"href":"https:\/\/ramkool.edu.ee\/roostiku\/wp-json\/wp\/v2\/types\/page"}],"author":[{"embeddable":true,"href":"https:\/\/ramkool.edu.ee\/roostiku\/wp-json\/wp\/v2\/users\/17"}],"replies":[{"embeddable":true,"href":"https:\/\/ramkool.edu.ee\/roostiku\/wp-json\/wp\/v2\/comments?post=3892"}],"version-history":[{"count":3,"href":"https:\/\/ramkool.edu.ee\/roostiku\/wp-json\/wp\/v2\/pages\/3892\/revisions"}],"predecessor-version":[{"id":4222,"href":"https:\/\/ramkool.edu.ee\/roostiku\/wp-json\/wp\/v2\/pages\/3892\/revisions\/4222"}],"up":[{"embeddable":true,"href":"https:\/\/ramkool.edu.ee\/roostiku\/wp-json\/wp\/v2\/pages\/1521"}],"wp:featuredmedia":[{"embeddable":true,"href":"https:\/\/ramkool.edu.ee\/roostiku\/wp-json\/wp\/v2\/media\/3938"}],"wp:attachment":[{"href":"https:\/\/ramkool.edu.ee\/roostiku\/wp-json\/wp\/v2\/media?parent=3892"}],"curies":[{"name":"wp","href":"https:\/\/api.w.org\/{rel}","templated":true}]}}