{"id":4234,"date":"2018-04-22T19:11:17","date_gmt":"2018-04-22T16:11:17","guid":{"rendered":"https:\/\/ramkool.edu.ee\/roostiku\/?page_id=4234"},"modified":"2018-04-22T19:12:53","modified_gmt":"2018-04-22T16:12:53","slug":"emakeelepaev","status":"publish","type":"page","link":"https:\/\/ramkool.edu.ee\/roostiku\/pildialbum\/2017-18\/emakeelepaev\/","title":{"rendered":"Emakeelep\u00e4ev"},"content":{"rendered":"<p>Roostiku koolimajas t\u00e4histasime emakeelep\u00e4eva \u00fchistegevustega reedel, 16. m\u00e4rtsil. Kirjutasime ette\u00fctlust ning seej\u00e4rel nuputasime ja m\u00e4ngisime r\u00fchmades keelem\u00e4nge. Uudiss\u00f5nad ja kaunid v\u00e4ljendid eesti keeles &#8211; otsisime ka neid.<\/p>\n","protected":false},"excerpt":{"rendered":"<p>Roostiku koolimajas t\u00e4histasime emakeelep\u00e4eva \u00fchistegevustega reedel, 16.<\/p>\n","protected":false},"author":17,"featured_media":4287,"parent":1521,"menu_order":690,"comment_status":"closed","ping_status":"closed","template":"gallery-template.php","meta":{"_acf_changed":false,"footnotes":""},"class_list":["post-4234","page","type-page","status-publish","has-post-thumbnail","hentry"],"acf":[],"_links":{"self":[{"href":"https:\/\/ramkool.edu.ee\/roostiku\/wp-json\/wp\/v2\/pages\/4234","targetHints":{"allow":["GET"]}}],"collection":[{"href":"https:\/\/ramkool.edu.ee\/roostiku\/wp-json\/wp\/v2\/pages"}],"about":[{"href":"https:\/\/ramkool.edu.ee\/roostiku\/wp-json\/wp\/v2\/types\/page"}],"author":[{"embeddable":true,"href":"https:\/\/ramkool.edu.ee\/roostiku\/wp-json\/wp\/v2\/users\/17"}],"replies":[{"embeddable":true,"href":"https:\/\/ramkool.edu.ee\/roostiku\/wp-json\/wp\/v2\/comments?post=4234"}],"version-history":[{"count":2,"href":"https:\/\/ramkool.edu.ee\/roostiku\/wp-json\/wp\/v2\/pages\/4234\/revisions"}],"predecessor-version":[{"id":4291,"href":"https:\/\/ramkool.edu.ee\/roostiku\/wp-json\/wp\/v2\/pages\/4234\/revisions\/4291"}],"up":[{"embeddable":true,"href":"https:\/\/ramkool.edu.ee\/roostiku\/wp-json\/wp\/v2\/pages\/1521"}],"wp:featuredmedia":[{"embeddable":true,"href":"https:\/\/ramkool.edu.ee\/roostiku\/wp-json\/wp\/v2\/media\/4287"}],"wp:attachment":[{"href":"https:\/\/ramkool.edu.ee\/roostiku\/wp-json\/wp\/v2\/media?parent=4234"}],"curies":[{"name":"wp","href":"https:\/\/api.w.org\/{rel}","templated":true}]}}