{"id":4348,"date":"2018-04-22T20:19:37","date_gmt":"2018-04-22T17:19:37","guid":{"rendered":"https:\/\/ramkool.edu.ee\/roostiku\/?page_id=4348"},"modified":"2018-04-22T20:19:37","modified_gmt":"2018-04-22T17:19:37","slug":"kooli-sunnipaev","status":"publish","type":"page","link":"https:\/\/ramkool.edu.ee\/roostiku\/pildialbum\/2017-18\/kooli-sunnipaev\/","title":{"rendered":"Kooli s\u00fcnnip\u00e4ev"},"content":{"rendered":"<p>Rocca al Mare Kooli s\u00fcnnip\u00e4eval k\u00e4isid Roostiku pere poolt suures koolis h\u00e4id soove soovimas teise talve Grete ja kuuenda talve Rasmus. Roostiku pessa saabusid nad tagasi r\u00f5\u00f5msate emotsioonide ja kringlitega. Laulsime siis Roostikustki s\u00fcnnip\u00e4eva puhul, puhusime k\u00fc\u00fcnla ja lennutasime head soovid teele. Ja muidugi ei puudunud saluuuuuut! Palju \u00f5nne, armas Rocca al Mare kool!<\/p>\n","protected":false},"excerpt":{"rendered":"<p>Rocca al Mare Kooli s\u00fcnnip\u00e4eval k\u00e4isid Roostiku<\/p>\n","protected":false},"author":17,"featured_media":4334,"parent":1521,"menu_order":670,"comment_status":"closed","ping_status":"closed","template":"gallery-template.php","meta":{"_acf_changed":false,"footnotes":""},"class_list":["post-4348","page","type-page","status-publish","has-post-thumbnail","hentry"],"acf":[],"_links":{"self":[{"href":"https:\/\/ramkool.edu.ee\/roostiku\/wp-json\/wp\/v2\/pages\/4348","targetHints":{"allow":["GET"]}}],"collection":[{"href":"https:\/\/ramkool.edu.ee\/roostiku\/wp-json\/wp\/v2\/pages"}],"about":[{"href":"https:\/\/ramkool.edu.ee\/roostiku\/wp-json\/wp\/v2\/types\/page"}],"author":[{"embeddable":true,"href":"https:\/\/ramkool.edu.ee\/roostiku\/wp-json\/wp\/v2\/users\/17"}],"replies":[{"embeddable":true,"href":"https:\/\/ramkool.edu.ee\/roostiku\/wp-json\/wp\/v2\/comments?post=4348"}],"version-history":[{"count":1,"href":"https:\/\/ramkool.edu.ee\/roostiku\/wp-json\/wp\/v2\/pages\/4348\/revisions"}],"predecessor-version":[{"id":4349,"href":"https:\/\/ramkool.edu.ee\/roostiku\/wp-json\/wp\/v2\/pages\/4348\/revisions\/4349"}],"up":[{"embeddable":true,"href":"https:\/\/ramkool.edu.ee\/roostiku\/wp-json\/wp\/v2\/pages\/1521"}],"wp:featuredmedia":[{"embeddable":true,"href":"https:\/\/ramkool.edu.ee\/roostiku\/wp-json\/wp\/v2\/media\/4334"}],"wp:attachment":[{"href":"https:\/\/ramkool.edu.ee\/roostiku\/wp-json\/wp\/v2\/media?parent=4348"}],"curies":[{"name":"wp","href":"https:\/\/api.w.org\/{rel}","templated":true}]}}