{"id":4350,"date":"2018-04-22T20:50:46","date_gmt":"2018-04-22T17:50:46","guid":{"rendered":"https:\/\/ramkool.edu.ee\/roostiku\/?page_id=4350"},"modified":"2018-04-22T20:51:25","modified_gmt":"2018-04-22T17:51:25","slug":"varvilised-munad-ja-koksimine","status":"publish","type":"page","link":"https:\/\/ramkool.edu.ee\/roostiku\/pildialbum\/2017-18\/varvilised-munad-ja-koksimine\/","title":{"rendered":"V\u00e4rvilised munad ja koksimine"},"content":{"rendered":"<p>Peale lihav\u00f5tteid pistsime kodus kotti \u00fche v\u00e4rvilise muna, et koolis selle tugevus kaaslaste munadega proovile panna. Ja 2018 aasta Roostiku kooli muna koksimise v\u00f5istluse esikolmik on Saskia, Dagmar ja Greta, hurraa! P\u00fchade ajal oli p\u00fchade j\u00e4nes peitnud koolimajja \u0161okolaadimune, meil jagus lusti neid otsida. Vahva! Enne p\u00fchi meisterdasime aga munakarpidest v\u00e4rvilised lillep\u00e4rjad kaunistamaks\u00a0kevadist koolimaja. Ja ikka lendasid teele k ahead soovid kevadeks, mis el korral olid seotud hea ilma v\u00f5lumisega.<\/p>\n<p>&nbsp;<\/p>\n","protected":false},"excerpt":{"rendered":"<p>Peale lihav\u00f5tteid pistsime kodus kotti \u00fche v\u00e4rvilise<\/p>\n","protected":false},"author":17,"featured_media":4390,"parent":1521,"menu_order":660,"comment_status":"closed","ping_status":"closed","template":"gallery-template.php","meta":{"_acf_changed":false,"footnotes":""},"class_list":["post-4350","page","type-page","status-publish","has-post-thumbnail","hentry"],"acf":[],"_links":{"self":[{"href":"https:\/\/ramkool.edu.ee\/roostiku\/wp-json\/wp\/v2\/pages\/4350","targetHints":{"allow":["GET"]}}],"collection":[{"href":"https:\/\/ramkool.edu.ee\/roostiku\/wp-json\/wp\/v2\/pages"}],"about":[{"href":"https:\/\/ramkool.edu.ee\/roostiku\/wp-json\/wp\/v2\/types\/page"}],"author":[{"embeddable":true,"href":"https:\/\/ramkool.edu.ee\/roostiku\/wp-json\/wp\/v2\/users\/17"}],"replies":[{"embeddable":true,"href":"https:\/\/ramkool.edu.ee\/roostiku\/wp-json\/wp\/v2\/comments?post=4350"}],"version-history":[{"count":1,"href":"https:\/\/ramkool.edu.ee\/roostiku\/wp-json\/wp\/v2\/pages\/4350\/revisions"}],"predecessor-version":[{"id":4406,"href":"https:\/\/ramkool.edu.ee\/roostiku\/wp-json\/wp\/v2\/pages\/4350\/revisions\/4406"}],"up":[{"embeddable":true,"href":"https:\/\/ramkool.edu.ee\/roostiku\/wp-json\/wp\/v2\/pages\/1521"}],"wp:featuredmedia":[{"embeddable":true,"href":"https:\/\/ramkool.edu.ee\/roostiku\/wp-json\/wp\/v2\/media\/4390"}],"wp:attachment":[{"href":"https:\/\/ramkool.edu.ee\/roostiku\/wp-json\/wp\/v2\/media?parent=4350"}],"curies":[{"name":"wp","href":"https:\/\/api.w.org\/{rel}","templated":true}]}}