{"id":4409,"date":"2018-04-22T21:09:20","date_gmt":"2018-04-22T18:09:20","guid":{"rendered":"https:\/\/ramkool.edu.ee\/roostiku\/?page_id=4409"},"modified":"2018-04-22T21:50:34","modified_gmt":"2018-04-22T18:50:34","slug":"luulekohvik","status":"publish","type":"page","link":"https:\/\/ramkool.edu.ee\/roostiku\/pildialbum\/2017-18\/luulekohvik\/","title":{"rendered":"Luulekohvik"},"content":{"rendered":"<p>4. perioodil tegelesime luulega nii emakeeles kui ka v\u00f5\u00f5rkeeles. Kirjutasime ise luuletusi ja harjutasime, kuidas esitada luuletajate kirjutatud teoseid. Perioodi l\u00f5pus kutsusime vanemad luulekohvikusse sellest k\u00f5igest osa saama. K\u00f5lasid eestikeelsed, inglisekeelsed, venekeelsed, saksakeelsed, hispaaniakeelsed ja prantsuskeelsed luuleread. Muusikatundides laulsime erinevaid laule ja palusime vanematel neid laule meiega koos laulda. Oli ilus p\u00e4ev! Ait\u00e4h k\u00f5igile!<\/p>\n<p>Ait\u00e4h, Maris, pildistamast!<\/p>\n","protected":false},"excerpt":{"rendered":"<p>4. perioodil tegelesime luulega nii emakeeles kui<\/p>\n","protected":false},"author":17,"featured_media":4478,"parent":1521,"menu_order":640,"comment_status":"closed","ping_status":"closed","template":"gallery-template.php","meta":{"_acf_changed":false,"footnotes":""},"class_list":["post-4409","page","type-page","status-publish","has-post-thumbnail","hentry"],"acf":[],"_links":{"self":[{"href":"https:\/\/ramkool.edu.ee\/roostiku\/wp-json\/wp\/v2\/pages\/4409","targetHints":{"allow":["GET"]}}],"collection":[{"href":"https:\/\/ramkool.edu.ee\/roostiku\/wp-json\/wp\/v2\/pages"}],"about":[{"href":"https:\/\/ramkool.edu.ee\/roostiku\/wp-json\/wp\/v2\/types\/page"}],"author":[{"embeddable":true,"href":"https:\/\/ramkool.edu.ee\/roostiku\/wp-json\/wp\/v2\/users\/17"}],"replies":[{"embeddable":true,"href":"https:\/\/ramkool.edu.ee\/roostiku\/wp-json\/wp\/v2\/comments?post=4409"}],"version-history":[{"count":4,"href":"https:\/\/ramkool.edu.ee\/roostiku\/wp-json\/wp\/v2\/pages\/4409\/revisions"}],"predecessor-version":[{"id":4529,"href":"https:\/\/ramkool.edu.ee\/roostiku\/wp-json\/wp\/v2\/pages\/4409\/revisions\/4529"}],"up":[{"embeddable":true,"href":"https:\/\/ramkool.edu.ee\/roostiku\/wp-json\/wp\/v2\/pages\/1521"}],"wp:featuredmedia":[{"embeddable":true,"href":"https:\/\/ramkool.edu.ee\/roostiku\/wp-json\/wp\/v2\/media\/4478"}],"wp:attachment":[{"href":"https:\/\/ramkool.edu.ee\/roostiku\/wp-json\/wp\/v2\/media?parent=4409"}],"curies":[{"name":"wp","href":"https:\/\/api.w.org\/{rel}","templated":true}]}}