{"id":4555,"date":"2018-04-29T19:30:12","date_gmt":"2018-04-29T16:30:12","guid":{"rendered":"https:\/\/ramkool.edu.ee\/roostiku\/?page_id=4555"},"modified":"2018-05-01T20:03:46","modified_gmt":"2018-05-01T17:03:46","slug":"luulelaegas","status":"publish","type":"page","link":"https:\/\/ramkool.edu.ee\/roostiku\/omalooming\/luulelaegas\/","title":{"rendered":"Luulelaegas"},"content":{"rendered":"<p>4. perioodil tegelesime luulega. \u00d5ppisime luuletusi esitama nii emakeeles kui ka v\u00f5\u00f5rkeeles. Haarasime ka ise k\u00e4tte suled ja proovisime riime ja m\u00f5tteid luuler\u00fctmi seada. Head lugemist!<\/p>\n","protected":false},"excerpt":{"rendered":"<p>4. perioodil tegelesime luulega. \u00d5ppisime luuletusi esitama<\/p>\n","protected":false},"author":17,"featured_media":4584,"parent":2754,"menu_order":920,"comment_status":"closed","ping_status":"closed","template":"newsletter-template.php","meta":{"_acf_changed":false,"footnotes":""},"class_list":["post-4555","page","type-page","status-publish","has-post-thumbnail","hentry"],"acf":[],"_links":{"self":[{"href":"https:\/\/ramkool.edu.ee\/roostiku\/wp-json\/wp\/v2\/pages\/4555","targetHints":{"allow":["GET"]}}],"collection":[{"href":"https:\/\/ramkool.edu.ee\/roostiku\/wp-json\/wp\/v2\/pages"}],"about":[{"href":"https:\/\/ramkool.edu.ee\/roostiku\/wp-json\/wp\/v2\/types\/page"}],"author":[{"embeddable":true,"href":"https:\/\/ramkool.edu.ee\/roostiku\/wp-json\/wp\/v2\/users\/17"}],"replies":[{"embeddable":true,"href":"https:\/\/ramkool.edu.ee\/roostiku\/wp-json\/wp\/v2\/comments?post=4555"}],"version-history":[{"count":3,"href":"https:\/\/ramkool.edu.ee\/roostiku\/wp-json\/wp\/v2\/pages\/4555\/revisions"}],"predecessor-version":[{"id":4587,"href":"https:\/\/ramkool.edu.ee\/roostiku\/wp-json\/wp\/v2\/pages\/4555\/revisions\/4587"}],"up":[{"embeddable":true,"href":"https:\/\/ramkool.edu.ee\/roostiku\/wp-json\/wp\/v2\/pages\/2754"}],"wp:featuredmedia":[{"embeddable":true,"href":"https:\/\/ramkool.edu.ee\/roostiku\/wp-json\/wp\/v2\/media\/4584"}],"wp:attachment":[{"href":"https:\/\/ramkool.edu.ee\/roostiku\/wp-json\/wp\/v2\/media?parent=4555"}],"curies":[{"name":"wp","href":"https:\/\/api.w.org\/{rel}","templated":true}]}}