{"id":4569,"date":"2018-04-29T20:18:18","date_gmt":"2018-04-29T17:18:18","guid":{"rendered":"https:\/\/ramkool.edu.ee\/roostiku\/?page_id=4569"},"modified":"2022-11-20T21:06:11","modified_gmt":"2022-11-20T19:06:11","slug":"kolmanda-talve-kevadluuletused","status":"publish","type":"page","link":"https:\/\/ramkool.edu.ee\/roostiku\/omalooming\/luulelaegas\/kolmanda-talve-kevadluuletused\/","title":{"rendered":"Kolmanda talve kevadluuletused"},"content":{"rendered":"<p><strong>Kevad<\/strong><\/p>\n<p>&nbsp;<\/p>\n<p>N\u00fc\u00fcd on pungad puul,<\/p>\n<p>mul on laulud suul.<\/p>\n<p>Mesilane lendab ringi,<\/p>\n<p>istun kaunil pingil.<\/p>\n<p>&nbsp;<\/p>\n<p>Taevas on sinakas,<\/p>\n<p>mina hoopis rohekas.<\/p>\n<p>Mul on tuuler\u00f5uged,<\/p>\n<p>taevas p\u00e4ike on k\u00f5rgel.<\/p>\n<p>&nbsp;<\/p>\n<p>Kingin emale \u00f5iekesed lillad,<\/p>\n<p>need on alles eputrillad.<\/p>\n<p>Mina puhun \u00f5ues mulle,<\/p>\n<p>n\u00fc\u00fcd sai alles pulli.<\/p>\n<p><em>Saskia\u00a0<\/em><\/p>\n<p><em>\u00a0<\/em><\/p>\n<p><strong>Kevad<\/strong><\/p>\n<p>Ilusad linnud laulavad<\/p>\n<p>ja lilled laule kuulavad.<\/p>\n<p>Mele korjab lille\u00f5isi,<\/p>\n<p>Nele kuulab linnulaulu.<\/p>\n<p>&nbsp;<\/p>\n<p>Lilled t\u00e4rkavad<\/p>\n<p>ja karud \u00e4rkavad.<\/p>\n<p>P\u00e4ike on k\u00fcll petlik<\/p>\n<p>ja mina olen m\u00f5tlik.<\/p>\n<p><em>\u00a0\u00a0\u00a0\u00a0\u00a0\u00a0\u00a0\u00a0\u00a0\u00a0\u00a0\u00a0\u00a0\u00a0\u00a0\u00a0\u00a0\u00a0\u00a0\u00a0\u00a0\u00a0\u00a0\u00a0 Marie Lee\u00a0<\/em><\/p>\n<p><strong>Kevade ilm<\/strong><\/p>\n<p>Meie \u00f5ues kasvavad lilled.<\/p>\n<p>Mu vend on ikka tillem.<\/p>\n<p>Taevas on pilved.<\/p>\n<p>Laste suul palved.<\/p>\n<p><em>\u00a0\u00a0\u00a0\u00a0\u00a0\u00a0\u00a0\u00a0\u00a0\u00a0\u00a0\u00a0\u00a0\u00a0\u00a0\u00a0\u00a0\u00a0\u00a0\u00a0\u00a0\u00a0\u00a0\u00a0 Imre\u00a0<\/em><\/p>\n<p><strong>Kevad<\/strong><\/p>\n<p><strong>\u00a0<\/strong>Ma m\u00e4ngisin palli,<\/p>\n<p>kevadel pole \u00f5nneks vaja salli.<\/p>\n<p>Kasvavad krookused murul,<\/p>\n<p>l\u00e4hen ostan tomateid turult.<\/p>\n<p>&nbsp;<\/p>\n<p>Leidsin \u00f5uest \u00fche ninaka,<\/p>\n<p>kelleks oli v\u00e4ike liblikas.<\/p>\n<p>\u00d5ues oli p\u00e4ike,<\/p>\n<p>mis on p\u00e4ris v\u00e4ike.<\/p>\n<p>&nbsp;<\/p>\n<p>Vahel on kevadel tuuline,<\/p>\n<p>vahel hoopis vihmane.<\/p>\n<p>\u00d5ues on palju lilli,<\/p>\n<p>mul on vaja kevadeks uut pilli.<\/p>\n<p><em>\u00a0\u00a0\u00a0\u00a0\u00a0\u00a0\u00a0\u00a0\u00a0\u00a0\u00a0\u00a0\u00a0\u00a0\u00a0\u00a0\u00a0\u00a0\u00a0\u00a0\u00a0\u00a0\u00a0\u00a0 Laura\u00a0<\/em><\/p>\n<p><strong>Kevad<\/strong><\/p>\n<p>Ma k\u00f5ndisin muru peal turule.<\/p>\n<p>Turul oli palle talle.<\/p>\n<p>Minu puu juures oli suur tuul.<\/p>\n<p>\u00d5ues paistis p\u00e4ike ja mina olen v\u00e4ike.<\/p>\n<p>\u00d6\u00f6sel paistab \u00e4ike, p\u00e4eval aga p\u00e4ike.<\/p>\n<p>Mina olen v\u00e4ike taevas nagu p\u00e4ike.<\/p>\n<p>Taevas on petlik, mina olen m\u00f5tlik.<\/p>\n<p>Pilved on taevas, mina aga maal.<\/p>\n<p>Mina olen imeline, lilled aga vallalised.<\/p>\n<p>P\u00e4ike on taevas nagu tuul.<\/p>\n<p>L\u00e4hen s\u00f5braga m\u00e4ngima, p\u00e4rast l\u00e4hen h\u00e4ngima.<\/p>\n<p>Isa j\u00f5i kalja, p\u00e4rast teen nalja.<\/p>\n<p><em>\u00a0\u00a0\u00a0\u00a0\u00a0\u00a0\u00a0\u00a0\u00a0\u00a0\u00a0\u00a0\u00a0\u00a0\u00a0\u00a0\u00a0\u00a0\u00a0\u00a0\u00a0\u00a0\u00a0\u00a0 Sophia\u00a0<\/em><\/p>\n","protected":false},"excerpt":{"rendered":"<p>Kevad &nbsp; N\u00fc\u00fcd on pungad puul, mul<\/p>\n","protected":false},"author":17,"featured_media":4581,"parent":4555,"menu_order":970,"comment_status":"closed","ping_status":"closed","template":"newsletter-template.php","meta":{"_acf_changed":false,"footnotes":""},"class_list":["post-4569","page","type-page","status-publish","has-post-thumbnail","hentry"],"acf":[],"_links":{"self":[{"href":"https:\/\/ramkool.edu.ee\/roostiku\/wp-json\/wp\/v2\/pages\/4569","targetHints":{"allow":["GET"]}}],"collection":[{"href":"https:\/\/ramkool.edu.ee\/roostiku\/wp-json\/wp\/v2\/pages"}],"about":[{"href":"https:\/\/ramkool.edu.ee\/roostiku\/wp-json\/wp\/v2\/types\/page"}],"author":[{"embeddable":true,"href":"https:\/\/ramkool.edu.ee\/roostiku\/wp-json\/wp\/v2\/users\/17"}],"replies":[{"embeddable":true,"href":"https:\/\/ramkool.edu.ee\/roostiku\/wp-json\/wp\/v2\/comments?post=4569"}],"version-history":[{"count":2,"href":"https:\/\/ramkool.edu.ee\/roostiku\/wp-json\/wp\/v2\/pages\/4569\/revisions"}],"predecessor-version":[{"id":19404,"href":"https:\/\/ramkool.edu.ee\/roostiku\/wp-json\/wp\/v2\/pages\/4569\/revisions\/19404"}],"up":[{"embeddable":true,"href":"https:\/\/ramkool.edu.ee\/roostiku\/wp-json\/wp\/v2\/pages\/4555"}],"wp:featuredmedia":[{"embeddable":true,"href":"https:\/\/ramkool.edu.ee\/roostiku\/wp-json\/wp\/v2\/media\/4581"}],"wp:attachment":[{"href":"https:\/\/ramkool.edu.ee\/roostiku\/wp-json\/wp\/v2\/media?parent=4569"}],"curies":[{"name":"wp","href":"https:\/\/api.w.org\/{rel}","templated":true}]}}