{"id":4616,"date":"2018-05-13T21:05:40","date_gmt":"2018-05-13T18:05:40","guid":{"rendered":"https:\/\/ramkool.edu.ee\/roostiku\/?page_id=4616"},"modified":"2018-05-13T21:06:46","modified_gmt":"2018-05-13T18:06:46","slug":"kevadlillede-peenar","status":"publish","type":"page","link":"https:\/\/ramkool.edu.ee\/roostiku\/pildialbum\/2017-18\/kevadlillede-peenar\/","title":{"rendered":"Kevadlillede peenar"},"content":{"rendered":"<p>S\u00fcgisel pistsime mulda kevadlillede sibulad. Ja varakevadest emadep\u00e4evani on lillepeenar r\u00f5\u00f5mustanud meid erinevate lille\u00f5itega: lumikellukesed, \u00fclased, krookused, h\u00fcatsindid, nartsissid ja tulbid. Jagame neid r\u00f5\u00f5me teiegagi, r\u00f5\u00f5mu!<\/p>\n","protected":false},"excerpt":{"rendered":"<p>S\u00fcgisel pistsime mulda kevadlillede sibulad. Ja varakevadest<\/p>\n","protected":false},"author":17,"featured_media":4606,"parent":1521,"menu_order":630,"comment_status":"closed","ping_status":"closed","template":"gallery-template.php","meta":{"_acf_changed":false,"footnotes":""},"class_list":["post-4616","page","type-page","status-publish","has-post-thumbnail","hentry"],"acf":[],"_links":{"self":[{"href":"https:\/\/ramkool.edu.ee\/roostiku\/wp-json\/wp\/v2\/pages\/4616","targetHints":{"allow":["GET"]}}],"collection":[{"href":"https:\/\/ramkool.edu.ee\/roostiku\/wp-json\/wp\/v2\/pages"}],"about":[{"href":"https:\/\/ramkool.edu.ee\/roostiku\/wp-json\/wp\/v2\/types\/page"}],"author":[{"embeddable":true,"href":"https:\/\/ramkool.edu.ee\/roostiku\/wp-json\/wp\/v2\/users\/17"}],"replies":[{"embeddable":true,"href":"https:\/\/ramkool.edu.ee\/roostiku\/wp-json\/wp\/v2\/comments?post=4616"}],"version-history":[{"count":2,"href":"https:\/\/ramkool.edu.ee\/roostiku\/wp-json\/wp\/v2\/pages\/4616\/revisions"}],"predecessor-version":[{"id":4618,"href":"https:\/\/ramkool.edu.ee\/roostiku\/wp-json\/wp\/v2\/pages\/4616\/revisions\/4618"}],"up":[{"embeddable":true,"href":"https:\/\/ramkool.edu.ee\/roostiku\/wp-json\/wp\/v2\/pages\/1521"}],"wp:featuredmedia":[{"embeddable":true,"href":"https:\/\/ramkool.edu.ee\/roostiku\/wp-json\/wp\/v2\/media\/4606"}],"wp:attachment":[{"href":"https:\/\/ramkool.edu.ee\/roostiku\/wp-json\/wp\/v2\/media?parent=4616"}],"curies":[{"name":"wp","href":"https:\/\/api.w.org\/{rel}","templated":true}]}}