{"id":5167,"date":"2018-06-20T13:11:51","date_gmt":"2018-06-20T10:11:51","guid":{"rendered":"https:\/\/ramkool.edu.ee\/roostiku\/?page_id=5167"},"modified":"2018-06-20T13:20:35","modified_gmt":"2018-06-20T10:20:35","slug":"golfi-saladustega-tutvumas","status":"publish","type":"page","link":"https:\/\/ramkool.edu.ee\/roostiku\/pildialbum\/2017-18\/golfi-saladustega-tutvumas\/","title":{"rendered":"Golfi saladustega tutvumas"},"content":{"rendered":"<p>S\u00fcgisel v\u00f5itsime Meie Matkal Roostiku kooliperega golfim\u00e4ngu tutvumiskoolituse. Maikuus k\u00e4isime selle m\u00e4ngu saladusi Niitv\u00e4ljal uurimas.<\/p>\n","protected":false},"excerpt":{"rendered":"<p>S\u00fcgisel v\u00f5itsime Meie Matkal Roostiku kooliperega golfim\u00e4ngu<\/p>\n","protected":false},"author":17,"featured_media":5017,"parent":1521,"menu_order":590,"comment_status":"closed","ping_status":"closed","template":"gallery-template.php","meta":{"_acf_changed":false,"footnotes":""},"class_list":["post-5167","page","type-page","status-publish","has-post-thumbnail","hentry"],"acf":[],"_links":{"self":[{"href":"https:\/\/ramkool.edu.ee\/roostiku\/wp-json\/wp\/v2\/pages\/5167","targetHints":{"allow":["GET"]}}],"collection":[{"href":"https:\/\/ramkool.edu.ee\/roostiku\/wp-json\/wp\/v2\/pages"}],"about":[{"href":"https:\/\/ramkool.edu.ee\/roostiku\/wp-json\/wp\/v2\/types\/page"}],"author":[{"embeddable":true,"href":"https:\/\/ramkool.edu.ee\/roostiku\/wp-json\/wp\/v2\/users\/17"}],"replies":[{"embeddable":true,"href":"https:\/\/ramkool.edu.ee\/roostiku\/wp-json\/wp\/v2\/comments?post=5167"}],"version-history":[{"count":3,"href":"https:\/\/ramkool.edu.ee\/roostiku\/wp-json\/wp\/v2\/pages\/5167\/revisions"}],"predecessor-version":[{"id":5170,"href":"https:\/\/ramkool.edu.ee\/roostiku\/wp-json\/wp\/v2\/pages\/5167\/revisions\/5170"}],"up":[{"embeddable":true,"href":"https:\/\/ramkool.edu.ee\/roostiku\/wp-json\/wp\/v2\/pages\/1521"}],"wp:featuredmedia":[{"embeddable":true,"href":"https:\/\/ramkool.edu.ee\/roostiku\/wp-json\/wp\/v2\/media\/5017"}],"wp:attachment":[{"href":"https:\/\/ramkool.edu.ee\/roostiku\/wp-json\/wp\/v2\/media?parent=5167"}],"curies":[{"name":"wp","href":"https:\/\/api.w.org\/{rel}","templated":true}]}}