{"id":5292,"date":"2018-07-02T21:46:53","date_gmt":"2018-07-02T18:46:53","guid":{"rendered":"https:\/\/ramkool.edu.ee\/roostiku\/?page_id=5292"},"modified":"2018-07-11T21:26:11","modified_gmt":"2018-07-11T18:26:11","slug":"loodusklass","status":"publish","type":"page","link":"https:\/\/ramkool.edu.ee\/roostiku\/pildialbum\/2017-18\/loodusklass\/","title":{"rendered":"Loodusklass"},"content":{"rendered":"<p>Lastekaitsep\u00e4eval, 1. juunil vurasime kooliperega L\u00e4\u00e4nemaale Silma \u00d5pikotta. 5. ja 6. talve lapsed uurisid rannaniitu ja L\u00e4\u00e4nemere loomastikku ning ranniku taimestikku. T\u00f5desime taas kord, et looduses on k\u00f5ik k\u00f5igega omavahel\u00a0seotud.\u00a0Matkal n\u00e4gime m\u00f5nda kaitsealust liiki ja kuulsime h\u00fc\u00fcpi h\u00f5ikamas. 1.-4. talve lastega tegime tutvust erinevas vanuses lehmadega, maitsesime piima ning n\u00e4gime erinevaid p\u00f5llut\u00f6\u00f6masinaid. Oli vahva p\u00e4ev?<\/p>\n","protected":false},"excerpt":{"rendered":"<p>Lastekaitsep\u00e4eval, 1. juunil vurasime kooliperega L\u00e4\u00e4nemaale Silma<\/p>\n","protected":false},"author":17,"featured_media":5586,"parent":1521,"menu_order":570,"comment_status":"closed","ping_status":"closed","template":"gallery-template.php","meta":{"_acf_changed":false,"footnotes":""},"class_list":["post-5292","page","type-page","status-publish","has-post-thumbnail","hentry"],"acf":[],"_links":{"self":[{"href":"https:\/\/ramkool.edu.ee\/roostiku\/wp-json\/wp\/v2\/pages\/5292","targetHints":{"allow":["GET"]}}],"collection":[{"href":"https:\/\/ramkool.edu.ee\/roostiku\/wp-json\/wp\/v2\/pages"}],"about":[{"href":"https:\/\/ramkool.edu.ee\/roostiku\/wp-json\/wp\/v2\/types\/page"}],"author":[{"embeddable":true,"href":"https:\/\/ramkool.edu.ee\/roostiku\/wp-json\/wp\/v2\/users\/17"}],"replies":[{"embeddable":true,"href":"https:\/\/ramkool.edu.ee\/roostiku\/wp-json\/wp\/v2\/comments?post=5292"}],"version-history":[{"count":7,"href":"https:\/\/ramkool.edu.ee\/roostiku\/wp-json\/wp\/v2\/pages\/5292\/revisions"}],"predecessor-version":[{"id":5756,"href":"https:\/\/ramkool.edu.ee\/roostiku\/wp-json\/wp\/v2\/pages\/5292\/revisions\/5756"}],"up":[{"embeddable":true,"href":"https:\/\/ramkool.edu.ee\/roostiku\/wp-json\/wp\/v2\/pages\/1521"}],"wp:featuredmedia":[{"embeddable":true,"href":"https:\/\/ramkool.edu.ee\/roostiku\/wp-json\/wp\/v2\/media\/5586"}],"wp:attachment":[{"href":"https:\/\/ramkool.edu.ee\/roostiku\/wp-json\/wp\/v2\/media?parent=5292"}],"curies":[{"name":"wp","href":"https:\/\/api.w.org\/{rel}","templated":true}]}}