{"id":5445,"date":"2018-07-02T22:58:58","date_gmt":"2018-07-02T19:58:58","guid":{"rendered":"https:\/\/ramkool.edu.ee\/roostiku\/?page_id=5445"},"modified":"2018-07-02T23:05:49","modified_gmt":"2018-07-02T20:05:49","slug":"5445-2","status":"publish","type":"page","link":"https:\/\/ramkool.edu.ee\/roostiku\/pildialbum\/2017-18\/5445-2\/","title":{"rendered":"Vana-Kreeka ol\u00fcmpiam\u00e4ngud"},"content":{"rendered":"<p>Viimasel koolin\u00e4dalal elasime sisse Vana-Kreeka ol\u00fcmpiam\u00e4ngude maailma, mille vedajaks oli 6. talve seltskond. Jagunesime polistesse, marssisime \u00fcmber p\u00fchamu,\u00a0sportlasi\u00a0ja kohtunikke tervitas\u00a0peajumal Zeus ning asusime spordiradadele. Alad olid inspireeritud Vana-Kreeka ol\u00fcmpiam\u00e4ngudest: kuulit\u00f5uge, jooks, kaugush\u00fcpe, k\u00e4rujooks, lendava taldriku vise. Igas vanuser\u00fchmas selgitati v\u00e4lja v\u00f5itja, kes p\u00e4rjati meisterdatud oliivipuup\u00e4rjaga. K\u00f5ik sportlased said osalemise eest t\u00e4nudiplomi. Palju \u00f5nne, v\u00f5itjatele ja k\u00f5igile osav\u00f5tjatele! Tuhat t\u00e4nu korraldajatele!<\/p>\n","protected":false},"excerpt":{"rendered":"<p>Viimasel koolin\u00e4dalal elasime sisse Vana-Kreeka ol\u00fcmpiam\u00e4ngude maailma,<\/p>\n","protected":false},"author":17,"featured_media":5572,"parent":1521,"menu_order":550,"comment_status":"closed","ping_status":"closed","template":"gallery-template.php","meta":{"_acf_changed":false,"footnotes":""},"class_list":["post-5445","page","type-page","status-publish","has-post-thumbnail","hentry"],"acf":[],"_links":{"self":[{"href":"https:\/\/ramkool.edu.ee\/roostiku\/wp-json\/wp\/v2\/pages\/5445","targetHints":{"allow":["GET"]}}],"collection":[{"href":"https:\/\/ramkool.edu.ee\/roostiku\/wp-json\/wp\/v2\/pages"}],"about":[{"href":"https:\/\/ramkool.edu.ee\/roostiku\/wp-json\/wp\/v2\/types\/page"}],"author":[{"embeddable":true,"href":"https:\/\/ramkool.edu.ee\/roostiku\/wp-json\/wp\/v2\/users\/17"}],"replies":[{"embeddable":true,"href":"https:\/\/ramkool.edu.ee\/roostiku\/wp-json\/wp\/v2\/comments?post=5445"}],"version-history":[{"count":3,"href":"https:\/\/ramkool.edu.ee\/roostiku\/wp-json\/wp\/v2\/pages\/5445\/revisions"}],"predecessor-version":[{"id":5577,"href":"https:\/\/ramkool.edu.ee\/roostiku\/wp-json\/wp\/v2\/pages\/5445\/revisions\/5577"}],"up":[{"embeddable":true,"href":"https:\/\/ramkool.edu.ee\/roostiku\/wp-json\/wp\/v2\/pages\/1521"}],"wp:featuredmedia":[{"embeddable":true,"href":"https:\/\/ramkool.edu.ee\/roostiku\/wp-json\/wp\/v2\/media\/5572"}],"wp:attachment":[{"href":"https:\/\/ramkool.edu.ee\/roostiku\/wp-json\/wp\/v2\/media?parent=5445"}],"curies":[{"name":"wp","href":"https:\/\/api.w.org\/{rel}","templated":true}]}}