{"id":5781,"date":"2018-07-14T20:01:13","date_gmt":"2018-07-14T17:01:13","guid":{"rendered":"https:\/\/ramkool.edu.ee\/roostiku\/?page_id=5781"},"modified":"2018-07-14T20:08:10","modified_gmt":"2018-07-14T17:08:10","slug":"toukerattamatk-peredega","status":"publish","type":"page","link":"https:\/\/ramkool.edu.ee\/roostiku\/pildialbum\/2017-18\/toukerattamatk-peredega\/","title":{"rendered":"T\u00f5ukerattamatk peredega"},"content":{"rendered":"<p>Kooliaasta l\u00f5pus s\u00f5itsime peredega J\u00e4rvamaale, haarasime t\u00f5ukerattad ja veeresime nende abil erinevates gruppides ringi. \u00dcks grupp tegeles m\u00e4ngudega, teine grupp r\u00e4ndas koos loodusgiidiga ja kolmas grupp oli kiiruse\u00a0ning kilomeetrite m\u00f5\u00f5tmise peal v\u00e4ljas. L\u00f5unas\u00f6\u00f6giks saime k\u00f5ik kokku P\u00f5hjaka m\u00f5isas. Peale s\u00f6\u00f6ki k\u00fclastasime lindude ning n\u00e4riliste farmi. Ait\u00e4h, Sophia ema Sigrid, et meid matkale kutsusid ja meeleoluka p\u00e4eva korraldasid!<\/p>\n","protected":false},"excerpt":{"rendered":"<p>Kooliaasta l\u00f5pus s\u00f5itsime peredega J\u00e4rvamaale, haarasime t\u00f5ukerattad<\/p>\n","protected":false},"author":17,"featured_media":5857,"parent":1521,"menu_order":540,"comment_status":"closed","ping_status":"closed","template":"gallery-template.php","meta":{"_acf_changed":false,"footnotes":""},"class_list":["post-5781","page","type-page","status-publish","has-post-thumbnail","hentry"],"acf":[],"_links":{"self":[{"href":"https:\/\/ramkool.edu.ee\/roostiku\/wp-json\/wp\/v2\/pages\/5781","targetHints":{"allow":["GET"]}}],"collection":[{"href":"https:\/\/ramkool.edu.ee\/roostiku\/wp-json\/wp\/v2\/pages"}],"about":[{"href":"https:\/\/ramkool.edu.ee\/roostiku\/wp-json\/wp\/v2\/types\/page"}],"author":[{"embeddable":true,"href":"https:\/\/ramkool.edu.ee\/roostiku\/wp-json\/wp\/v2\/users\/17"}],"replies":[{"embeddable":true,"href":"https:\/\/ramkool.edu.ee\/roostiku\/wp-json\/wp\/v2\/comments?post=5781"}],"version-history":[{"count":4,"href":"https:\/\/ramkool.edu.ee\/roostiku\/wp-json\/wp\/v2\/pages\/5781\/revisions"}],"predecessor-version":[{"id":5934,"href":"https:\/\/ramkool.edu.ee\/roostiku\/wp-json\/wp\/v2\/pages\/5781\/revisions\/5934"}],"up":[{"embeddable":true,"href":"https:\/\/ramkool.edu.ee\/roostiku\/wp-json\/wp\/v2\/pages\/1521"}],"wp:featuredmedia":[{"embeddable":true,"href":"https:\/\/ramkool.edu.ee\/roostiku\/wp-json\/wp\/v2\/media\/5857"}],"wp:attachment":[{"href":"https:\/\/ramkool.edu.ee\/roostiku\/wp-json\/wp\/v2\/media?parent=5781"}],"curies":[{"name":"wp","href":"https:\/\/api.w.org\/{rel}","templated":true}]}}