{"id":6299,"date":"2018-09-30T19:48:24","date_gmt":"2018-09-30T16:48:24","guid":{"rendered":"https:\/\/ramkool.edu.ee\/roostiku\/?page_id=6299"},"modified":"2018-09-30T19:51:33","modified_gmt":"2018-09-30T16:51:33","slug":"6299-2","status":"publish","type":"page","link":"https:\/\/ramkool.edu.ee\/roostiku\/pildialbum\/pildialbum\/6299-2\/","title":{"rendered":"Meie Matk"},"content":{"rendered":"<p>Septembrikuu teine n\u00e4dalavahetus toob Rocca al Mare Kooli pere kokku Meie Matkale. Ka Roostiku kool on kahel aastal kohal olnud. Kes soovis, sai sportida jooksu- v\u00f5i rattarajal, kel aga oli soov puhastada metsaalust Maailmakoristusp\u00e4eval, ka see v\u00f5imalus oli. Ja pr\u00fcgihunnik sai p\u00e4ris suur. Seenekorvid sai samuti t\u00e4is korjata. Oli hea p\u00e4ev, kohtume j\u00e4rgmisel aastal Meie Matkal!<\/p>\n","protected":false},"excerpt":{"rendered":"<p>Septembrikuu teine n\u00e4dalavahetus toob Rocca al Mare<\/p>\n","protected":false},"author":17,"featured_media":6341,"parent":5953,"menu_order":860,"comment_status":"closed","ping_status":"closed","template":"gallery-template.php","meta":{"_acf_changed":false,"footnotes":""},"class_list":["post-6299","page","type-page","status-publish","has-post-thumbnail","hentry"],"acf":[],"_links":{"self":[{"href":"https:\/\/ramkool.edu.ee\/roostiku\/wp-json\/wp\/v2\/pages\/6299","targetHints":{"allow":["GET"]}}],"collection":[{"href":"https:\/\/ramkool.edu.ee\/roostiku\/wp-json\/wp\/v2\/pages"}],"about":[{"href":"https:\/\/ramkool.edu.ee\/roostiku\/wp-json\/wp\/v2\/types\/page"}],"author":[{"embeddable":true,"href":"https:\/\/ramkool.edu.ee\/roostiku\/wp-json\/wp\/v2\/users\/17"}],"replies":[{"embeddable":true,"href":"https:\/\/ramkool.edu.ee\/roostiku\/wp-json\/wp\/v2\/comments?post=6299"}],"version-history":[{"count":2,"href":"https:\/\/ramkool.edu.ee\/roostiku\/wp-json\/wp\/v2\/pages\/6299\/revisions"}],"predecessor-version":[{"id":6361,"href":"https:\/\/ramkool.edu.ee\/roostiku\/wp-json\/wp\/v2\/pages\/6299\/revisions\/6361"}],"up":[{"embeddable":true,"href":"https:\/\/ramkool.edu.ee\/roostiku\/wp-json\/wp\/v2\/pages\/5953"}],"wp:featuredmedia":[{"embeddable":true,"href":"https:\/\/ramkool.edu.ee\/roostiku\/wp-json\/wp\/v2\/media\/6341"}],"wp:attachment":[{"href":"https:\/\/ramkool.edu.ee\/roostiku\/wp-json\/wp\/v2\/media?parent=6299"}],"curies":[{"name":"wp","href":"https:\/\/api.w.org\/{rel}","templated":true}]}}