{"id":6507,"date":"2018-10-07T20:46:10","date_gmt":"2018-10-07T17:46:10","guid":{"rendered":"https:\/\/ramkool.edu.ee\/roostiku\/?page_id=6507"},"modified":"2018-10-07T21:03:43","modified_gmt":"2018-10-07T18:03:43","slug":"opetajate-paev","status":"publish","type":"page","link":"https:\/\/ramkool.edu.ee\/roostiku\/pildialbum\/pildialbum\/opetajate-paev\/","title":{"rendered":"\u00d5petajate p\u00e4ev"},"content":{"rendered":"<p>Reedel, 5. oktoobril oli \u00f5petajate p\u00e4ev. Roostiku koolis olid sel p\u00e4eval \u00f5petajateks 6. talve lapsed ja \u00f5petajad tegutsesid koos lastega. M\u00e4ngisime rahvastepalli, uurisime loodust, joonistasime, lavastasime, m\u00e4ngisime erinevaid m\u00e4nge. Ait\u00e4h, head \u00f5petajate p\u00e4eva \u00f5petajad, kinkisite Roostiku perele r\u00f5\u00f5msa ja sisuka p\u00e4eva!<\/p>\n","protected":false},"excerpt":{"rendered":"<p>Reedel, 5. oktoobril oli \u00f5petajate p\u00e4ev. Roostiku<\/p>\n","protected":false},"author":17,"featured_media":6530,"parent":5953,"menu_order":830,"comment_status":"closed","ping_status":"closed","template":"gallery-template.php","meta":{"_acf_changed":false,"footnotes":""},"class_list":["post-6507","page","type-page","status-publish","has-post-thumbnail","hentry"],"acf":[],"_links":{"self":[{"href":"https:\/\/ramkool.edu.ee\/roostiku\/wp-json\/wp\/v2\/pages\/6507","targetHints":{"allow":["GET"]}}],"collection":[{"href":"https:\/\/ramkool.edu.ee\/roostiku\/wp-json\/wp\/v2\/pages"}],"about":[{"href":"https:\/\/ramkool.edu.ee\/roostiku\/wp-json\/wp\/v2\/types\/page"}],"author":[{"embeddable":true,"href":"https:\/\/ramkool.edu.ee\/roostiku\/wp-json\/wp\/v2\/users\/17"}],"replies":[{"embeddable":true,"href":"https:\/\/ramkool.edu.ee\/roostiku\/wp-json\/wp\/v2\/comments?post=6507"}],"version-history":[{"count":4,"href":"https:\/\/ramkool.edu.ee\/roostiku\/wp-json\/wp\/v2\/pages\/6507\/revisions"}],"predecessor-version":[{"id":6535,"href":"https:\/\/ramkool.edu.ee\/roostiku\/wp-json\/wp\/v2\/pages\/6507\/revisions\/6535"}],"up":[{"embeddable":true,"href":"https:\/\/ramkool.edu.ee\/roostiku\/wp-json\/wp\/v2\/pages\/5953"}],"wp:featuredmedia":[{"embeddable":true,"href":"https:\/\/ramkool.edu.ee\/roostiku\/wp-json\/wp\/v2\/media\/6530"}],"wp:attachment":[{"href":"https:\/\/ramkool.edu.ee\/roostiku\/wp-json\/wp\/v2\/media?parent=6507"}],"curies":[{"name":"wp","href":"https:\/\/api.w.org\/{rel}","templated":true}]}}