{"id":7363,"date":"2018-12-31T10:46:22","date_gmt":"2018-12-31T08:46:22","guid":{"rendered":"https:\/\/ramkool.edu.ee\/roostiku\/?page_id=7363"},"modified":"2018-12-31T11:53:19","modified_gmt":"2018-12-31T09:53:19","slug":"muinasjuttude-jututamise-oo","status":"publish","type":"page","link":"https:\/\/ramkool.edu.ee\/roostiku\/pildialbum\/pildialbum\/muinasjuttude-jututamise-oo\/","title":{"rendered":"Muinasjuttude jututamise \u00f6\u00f6"},"content":{"rendered":"<p>Teisel perioodil p\u00e4rimusradadel r\u00e4nnates kirjutasime ka ise muinasjutte. Meisterdasime oma muinasjutu tegelase ja kutsusime pered &#8220;Muinasjuttude jutustamise \u00f6\u00f6le&#8221; lugusid kuulama ja vaatama. \u00dcheskoos kirjutasime ka regilaulu &#8220;R\u00f5emsaste Roostikus&#8221;, mille esiettekanne koos vanematega p\u00e4ikese saalis jutustamis\u00f5htul k\u00f5las. Oli vahva ja \u00f5dus olemine!<\/p>\n","protected":false},"excerpt":{"rendered":"<p>Teisel perioodil p\u00e4rimusradadel r\u00e4nnates kirjutasime ka ise<\/p>\n","protected":false},"author":17,"featured_media":7368,"parent":5953,"menu_order":710,"comment_status":"closed","ping_status":"closed","template":"gallery-template.php","meta":{"_acf_changed":false,"footnotes":""},"class_list":["post-7363","page","type-page","status-publish","has-post-thumbnail","hentry"],"acf":[],"_links":{"self":[{"href":"https:\/\/ramkool.edu.ee\/roostiku\/wp-json\/wp\/v2\/pages\/7363","targetHints":{"allow":["GET"]}}],"collection":[{"href":"https:\/\/ramkool.edu.ee\/roostiku\/wp-json\/wp\/v2\/pages"}],"about":[{"href":"https:\/\/ramkool.edu.ee\/roostiku\/wp-json\/wp\/v2\/types\/page"}],"author":[{"embeddable":true,"href":"https:\/\/ramkool.edu.ee\/roostiku\/wp-json\/wp\/v2\/users\/17"}],"replies":[{"embeddable":true,"href":"https:\/\/ramkool.edu.ee\/roostiku\/wp-json\/wp\/v2\/comments?post=7363"}],"version-history":[{"count":3,"href":"https:\/\/ramkool.edu.ee\/roostiku\/wp-json\/wp\/v2\/pages\/7363\/revisions"}],"predecessor-version":[{"id":7637,"href":"https:\/\/ramkool.edu.ee\/roostiku\/wp-json\/wp\/v2\/pages\/7363\/revisions\/7637"}],"up":[{"embeddable":true,"href":"https:\/\/ramkool.edu.ee\/roostiku\/wp-json\/wp\/v2\/pages\/5953"}],"wp:featuredmedia":[{"embeddable":true,"href":"https:\/\/ramkool.edu.ee\/roostiku\/wp-json\/wp\/v2\/media\/7368"}],"wp:attachment":[{"href":"https:\/\/ramkool.edu.ee\/roostiku\/wp-json\/wp\/v2\/media?parent=7363"}],"curies":[{"name":"wp","href":"https:\/\/api.w.org\/{rel}","templated":true}]}}